{"id":3846,"date":"2017-10-16T00:18:50","date_gmt":"2017-10-15T21:18:50","guid":{"rendered":"https:\/\/www.ozaks.net\/giyotin-cam\/"},"modified":"2017-10-16T00:18:50","modified_gmt":"2017-10-15T21:18:50","slug":"giyotin-cam","status":"publish","type":"page","link":"https:\/\/www.ozaks.net\/en\/giyotin-cam\/","title":{"rendered":"Giyotin Cam"},"content":{"rendered":"<p>[vc_row][vc_column]\n\t\t\t<!-- START Giyotin Cam REVOLUTION SLIDER 6.5.2 --><p class=\"rs-p-wp-fix\"><\/p>\n\t\t\t<rs-module-wrap id=\"rev_slider_13_1_wrapper\" data-source=\"gallery\" style=\"visibility:hidden;background:transparent;padding:0;margin:0px auto;margin-top:0;margin-bottom:0;\">\n\t\t\t\t<rs-module id=\"rev_slider_13_1\" style=\"\" data-version=\"6.5.2\">\n\t\t\t\t\t<rs-slides>\n\t\t\t\t\t\t<rs-slide data-key=\"rs-18\" data-title=\"Slide\" data-anim=\"f:nodelay;\" data-in=\"o:0;sx:0;sy:0;e:back.inOut;row:5;col:5;\" data-out=\"e:back.out;\">\n\t\t\t\t\t\t\t<img src=\"\/\/www.ozaks.net\/wp-content\/plugins\/revslider\/public\/assets\/assets\/dummy.png\" title=\"giyotin-cam_18.jpeg\" width=\"1920\" height=\"1080\" class=\"rev-slidebg tp-rs-img rs-lazyload\" data-lazyload=\"\/\/www.ozaks.net\/wp-content\/uploads\/revslider\/video-media\/giyotin-cam_18.jpeg\" data-no-retina>\n\t\t\t\t\t\t\t<rs-bgvideo \n\t\t\t\t\t\t\t\tdata-video=\"w:100%;h:100%;nse:false;l:true;ptimer:false;vfc:true;\"\n\t\t\t\t\t\t\t\tdata-mp4=\"\/\/www.ozaks.net\/wp-content\/uploads\/2021\/10\/giyotin-cam.mp4\"\n\t\t\t\t\t\t\t><\/rs-bgvideo>\n<!--\n\t\t\t\t\t\t\t--><rs-layer\n\t\t\t\t\t\t\t\tid=\"slider-13-slide-18-layer-0\" \n\t\t\t\t\t\t\t\tdata-type=\"shape\"\n\t\t\t\t\t\t\t\tdata-rsp_ch=\"on\"\n\t\t\t\t\t\t\t\tdata-text=\"w:normal;s:20,14,10,6;l:0,18,13,8;\"\n\t\t\t\t\t\t\t\tdata-dim=\"w:100%;h:657px,491px,373px,230px;\"\n\t\t\t\t\t\t\t\tdata-basealign=\"slide\"\n\t\t\t\t\t\t\t\tdata-frame_999=\"o:0;st:w;\"\n\t\t\t\t\t\t\t\tstyle=\"z-index:8;background-color:rgba(0,0,0,0.5);\"\n\t\t\t\t\t\t\t> \n\t\t\t\t\t\t\t<\/rs-layer><!--\n\n\t\t\t\t\t\t\t--><rs-layer\n\t\t\t\t\t\t\t\tid=\"slider-13-slide-18-layer-1\" \n\t\t\t\t\t\t\t\tdata-type=\"text\"\n\t\t\t\t\t\t\t\tdata-rsp_ch=\"on\"\n\t\t\t\t\t\t\t\tdata-xy=\"xo:100px,100px,100px,86px;yo:158px,158px,134px,183px;\"\n\t\t\t\t\t\t\t\tdata-text=\"s:38,38,48,36;l:80,80,80,48;fw:300;a:inherit;\"\n\t\t\t\t\t\t\t\tdata-frame_0=\"x:-50px;\"\n\t\t\t\t\t\t\t\tdata-frame_1=\"sp:1000;\"\n\t\t\t\t\t\t\t\tdata-frame_999=\"x:50px;o:0;st:w;sp:500;sR:8000;\"\n\t\t\t\t\t\t\t\tstyle=\"z-index:9;font-family:Poppins;\"\n\t\t\t\t\t\t\t>| \u015e\u0131k ve Zarif Ya\u015fam Alanlar\u0131 \n\t\t\t\t\t\t\t<\/rs-layer><!--\n\n\t\t\t\t\t\t\t--><rs-layer\n\t\t\t\t\t\t\t\tid=\"slider-13-slide-18-layer-2\" \n\t\t\t\t\t\t\t\tdata-type=\"text\"\n\t\t\t\t\t\t\t\tdata-rsp_ch=\"on\"\n\t\t\t\t\t\t\t\tdata-xy=\"xo:100px,100px,100px,581px;yo:235px,235px,213px,216px;\"\n\t\t\t\t\t\t\t\tdata-text=\"s:59,59,48,48;l:87,87,60,60;fw:600;a:inherit;\"\n\t\t\t\t\t\t\t\tdata-vbility=\"t,t,t,f\"\n\t\t\t\t\t\t\t\tdata-frame_0=\"x:-50px;\"\n\t\t\t\t\t\t\t\tdata-frame_1=\"sp:1500;\"\n\t\t\t\t\t\t\t\tdata-frame_999=\"x:50px;o:0;st:w;sp:1000;sR:7500;\"\n\t\t\t\t\t\t\t\tstyle=\"z-index:10;font-family:Poppins;\"\n\t\t\t\t\t\t\t>Giyotin Cam \n\t\t\t\t\t\t\t<\/rs-layer><!--\n\n\t\t\t\t\t\t\t--><rs-layer\n\t\t\t\t\t\t\t\tid=\"slider-13-slide-18-layer-3\" \n\t\t\t\t\t\t\t\tdata-type=\"text\"\n\t\t\t\t\t\t\t\tdata-rsp_ch=\"on\"\n\t\t\t\t\t\t\t\tdata-xy=\"xo:101px,101px,821px,821px;yo:325px,325px,307px,307px;\"\n\t\t\t\t\t\t\t\tdata-text=\"s:16;l:28;a:inherit;\"\n\t\t\t\t\t\t\t\tdata-vbility=\"t,t,f,f\"\n\t\t\t\t\t\t\t\tdata-frame_0=\"x:-50px;\"\n\t\t\t\t\t\t\t\tdata-frame_1=\"sp:700;\"\n\t\t\t\t\t\t\t\tdata-frame_999=\"x:50px;o:0;st:w;sp:500;sR:8300;\"\n\t\t\t\t\t\t\t\tstyle=\"z-index:11;font-family:Rubik;\"\n\t\t\t\t\t\t\t>Modern bir g\u00f6r\u00fcnt\u00fc olu\u015fturan giyotin camlar pek \u00e7ok alanda tercih edilmeye devam <br\/>etmektedir.  Her b\u00fct\u00e7eye uygun olarak olu\u015fturulabilen giyotin camlar  <br\/>dayan\u0131kl\u0131 ve \u00e7evre dostu \u00fcr\u00fcnler olarak bilinmektedir. \n\t\t\t\t\t\t\t<\/rs-layer><!--\n\n\t\t\t\t\t\t\t--><rs-layer\n\t\t\t\t\t\t\t\tid=\"slider-13-slide-18-layer-6\" \n\t\t\t\t\t\t\t\tdata-type=\"image\"\n\t\t\t\t\t\t\t\tdata-rsp_ch=\"on\"\n\t\t\t\t\t\t\t\tdata-xy=\"xo:714px,533px,404px,249px;yo:61px,45px,34px,20px;\"\n\t\t\t\t\t\t\t\tdata-text=\"w:normal;s:20,14,10,6;l:0,18,13,8;\"\n\t\t\t\t\t\t\t\tdata-dim=\"w:556px,415px,315px,194px;h:627px,468px,355px,219px;\"\n\t\t\t\t\t\t\t\tdata-frame_999=\"o:0;st:w;\"\n\t\t\t\t\t\t\t\tstyle=\"z-index:14;\"\n\t\t\t\t\t\t\t><img src=\"\/\/www.ozaks.net\/wp-content\/plugins\/revslider\/public\/assets\/assets\/dummy.png\" class=\"tp-rs-img rs-lazyload\" width=\"374\" height=\"422\" data-lazyload=\"\/\/www.ozaks.net\/wp-content\/uploads\/2021\/10\/63-632043_office-woman-png-transparent-png-removebg-preview-1.png\" data-no-retina> \n\t\t\t\t\t\t\t<\/rs-layer><!--\n-->\t\t\t\t\t\t<\/rs-slide>\n\t\t\t\t\t<\/rs-slides>\n\t\t\t\t<\/rs-module>\n\t\t\t\t<script type=\"text\/javascript\">\n\t\t\t\t\tsetREVStartSize({c: 'rev_slider_13_1',rl:[1240,1024,778,480],el:[655,855,600,500],gw:[1370,1024,778,480],gh:[655,855,600,500],type:'standard',justify:'',layout:'fullwidth',mh:\"0\"});\n\t\t\t\t<\/script>\n\t\t\t<\/rs-module-wrap>\n\t\t\t<!-- END REVOLUTION SLIDER -->\n[\/vc_column][\/vc_row][vc_row css_animation=&#8221;fadeIn&#8221; css=&#8221;.vc_custom_1633311197588{background-image: url(http:\/\/demo2.steelthemes.com\/delaware\/wp-content\/uploads\/sites\/10\/2020\/02\/welcome-bg.jpg?id=2573) !important;}&#8221;][vc_column]<div class=\"ba-empty-space \" style=\"\"><div class=\"ba_empty_space_lg\"  style=\"height: 32px\"><\/div><div class=\"ba_empty_space_md\"  style=\"height: 32px\"><\/div><div class=\"ba_empty_space_xs\"  style=\"height: 32px\"><\/div><\/div><div class=\"dl-cta text-dark border-display \"><div class=\"container\"><div class=\"cta-wrapper classic fix-top\"><div class=\"cta-content\"> <h2 style='font-size:30px;font-weight:700;'>Modern \u00c7a\u011f\u0131n Modern Tasar\u0131mlar\u0131 \u2714<\/h2> <p>Bizi tan\u0131man\u0131n en iyi yolu, m\u00fc\u015fterilerimiz i\u00e7in yapt\u0131\u011f\u0131m\u0131z \u00e7al\u0131\u015fmalar\u0131 ve ekibimize ilham veren fikirleri ara\u015ft\u0131rmakt\u0131r. Uzmanl\u0131\u011f\u0131m\u0131z\u0131n hizmet hatlar\u0131nda nas\u0131l uyguland\u0131\u011f\u0131n\u0131 g\u00f6rmek i\u00e7in referanslar\u0131m\u0131z\u0131 g\u00f6r\u00fcnt\u00fcleyin.<\/p> <\/div> <div class=\"dl-button \"><a href=\"https:\/\/www.ozaks.net\/\" style =\"color:#222222\">TEKL\u0130F AL ! <\/a><\/div><\/div><\/div><\/div><div class=\"ba-empty-space \" style=\"\"><div class=\"ba_empty_space_lg\"  style=\"height: 32px\"><\/div><div class=\"ba_empty_space_md\"  style=\"height: 32px\"><\/div><div class=\"ba_empty_space_xs\"  style=\"height: 32px\"><\/div><\/div>[\/vc_column][\/vc_row][vc_row][vc_column css_animation=&#8221;slideInLeft&#8221; width=&#8221;1\/2&#8243;]<div class=\"ba-empty-space \" style=\"\"><div class=\"ba_empty_space_lg\"  style=\"height: 32px\"><\/div><div class=\"ba_empty_space_md\"  style=\"height: 32px\"><\/div><div class=\"ba_empty_space_xs\"  style=\"height: 32px\"><\/div><\/div>[vc_custom_heading text=&#8221;| Uzaktan Kontrol\u00fcn Konforu&#8221; use_theme_fonts=&#8221;yes&#8221;][vc_column_text]Giyotin Cam K\u00fcpe\u015fte Sistemleri \u00fcst\u00fc a\u00e7\u0131k ya\u015fam alanlar\u0131n\u0131z\u0131 daha fonksiyonel \u015fekilde kullanmak i\u00e7in size bir f\u0131rsat yarat\u0131r. Kaliteliden \u00f6d\u00fcn vermeden haz\u0131rlanan k\u00fcpe\u015fte ile istedi\u011finiz alan\u0131 rahatl\u0131kla kapatt\u0131rabilirsiniz. Motorlu k\u00fcpe\u015fteyi uygulamak istedi\u011finiz alana montaj uygulamas\u0131ndan sonra keyifle kullanmaya ba\u015flanabilirsiniz. Esen r\u00fczgar\u0131 \u00f6nlemek amac\u0131 ile k\u0131\u015f bah\u00e7esi gibi \u015firin s\u0131cak alanlar olu\u015fturabilirsiniz. \u201dGiyotin Cam K\u00fcpe\u015fte Sistemleri\u201d ile alanlar istenildi\u011finde a\u00e7\u0131larak tamamen a\u00e7\u0131k hale getirilebilir oldu\u011fu gibi yar\u0131m kullan\u0131m olarak da rahatl\u0131kla ayarlayabilirsiniz. Kaliteli malzemelerden haz\u0131rlanan bir motorlu k\u00fcpe\u015fte sistemi sayesinde uzun y\u0131llar boyunca hi\u00e7 bir sorun ya\u015famadan kullanabilirsiniz. Hareketli k\u00fcpe\u015fte sayesinde d\u0131\u015f d\u00fcnyadan kopmadan d\u0131\u015f alan\u0131n g\u00fczelliklerinide ya\u015fayabilirsiniz .[\/vc_column_text]<div class=\"ba-empty-space \" style=\"\"><div class=\"ba_empty_space_lg\"  style=\"height: 32px\"><\/div><div class=\"ba_empty_space_md\"  style=\"height: 32px\"><\/div><div class=\"ba_empty_space_xs\"  style=\"height: 32px\"><\/div><\/div>[\/vc_column][vc_column width=&#8221;1\/2&#8243;][vc_empty_space height=&#8221;60&#8243;][vc_single_image image=&#8221;3689&#8243; img_size=&#8221;640&#215;325&#8243; style=&#8221;vc_box_outline&#8221; onclick=&#8221;zoom&#8221; css_animation=&#8221;slideInRight&#8221;]<div class=\"ba-empty-space \" style=\"\"><div class=\"ba_empty_space_lg\"  style=\"height: 32px\"><\/div><div class=\"ba_empty_space_md\"  style=\"height: 32px\"><\/div><div class=\"ba_empty_space_xs\"  style=\"height: 32px\"><\/div><\/div>[\/vc_column][\/vc_row][vc_row css=&#8221;.vc_custom_1634344200146{background-image: url(http:\/\/www.ozaks.net\/wp-content\/uploads\/2020\/02\/testimonial-bg.jpg?id=2677) !important;}&#8221;][vc_column width=&#8221;1\/2&#8243;]<div class=\"ba-empty-space \" style=\"\"><div class=\"ba_empty_space_lg\"  style=\"height: 32px\"><\/div><div class=\"ba_empty_space_md\"  style=\"height: 32px\"><\/div><div class=\"ba_empty_space_xs\"  style=\"height: 32px\"><\/div><\/div>[vc_single_image image=&#8221;3693&#8243; img_size=&#8221;640&#215;325&#8243; style=&#8221;vc_box_outline&#8221; onclick=&#8221;zoom&#8221; css_animation=&#8221;slideInLeft&#8221;]<div class=\"ba-empty-space \" style=\"\"><div class=\"ba_empty_space_lg\"  style=\"height: 32px\"><\/div><div class=\"ba_empty_space_md\"  style=\"height: 32px\"><\/div><div class=\"ba_empty_space_xs\"  style=\"height: 32px\"><\/div><\/div>[\/vc_column][vc_column css_animation=&#8221;slideInRight&#8221; width=&#8221;1\/2&#8243;]<div class=\"ba-empty-space \" style=\"\"><div class=\"ba_empty_space_lg\"  style=\"height: 32px\"><\/div><div class=\"ba_empty_space_md\"  style=\"height: 32px\"><\/div><div class=\"ba_empty_space_xs\"  style=\"height: 32px\"><\/div><\/div>[vc_custom_heading text=&#8221;| Yaz K\u0131\u015f A\u00e7\u0131k Hava Keyfi&#8221; font_container=&#8221;tag:h2|text_align:right&#8221; use_theme_fonts=&#8221;yes&#8221;][vc_column_text]<\/p>\n<p style=\"text-align: right;\">Giyotin cam, sayesinde hem yaz hem de k\u0131\u015f aylar\u0131nda kullan\u0131c\u0131lar, alanlar\u0131na \u00e7ok daha ayr\u0131 bir hava katabilmekte ve ergonomikli\u011fi sayesinde temizli\u011fini de en kolay \u015fekilde sa\u011flayabilmektedirler. Giyotin cam \u00fcr\u00fcnlerimizin \u00f6l\u00e7\u00fcleri ise kullan\u0131c\u0131lar\u0131n ya\u015fam alanlar\u0131na g\u00f6re al\u0131nmakta ve montajlar\u0131 da yine bu \u00f6l\u00e7\u00fclere g\u00f6re ger\u00e7ekle\u015ftirilmektedir. Giyotin cam se\u00e7imi yaparken kullan\u0131c\u0131lar kendi ihtiya\u00e7lar\u0131na g\u00f6re \u00fcr\u00fcn se\u00e7imi sa\u011flayabilmekte ve b\u00fct\u00e7elerini de d\u00fc\u015f\u00fcnerek hareket edebilmektedir. Firmam\u0131z her b\u00fct\u00e7eye ve her zevke hitap eden kaliteli \u00fcr\u00fcnleri ile hizmet sunmaktad\u0131r. Firmam\u0131zdan \u00fcr\u00fcn se\u00e7imi yapan kullan\u0131c\u0131lar\u0131m\u0131z\u0131n evlerinde ya da i\u015f yerlerinde montaj yap\u0131lacak olan alanlar i\u00e7in gerekli \u00f6l\u00e7\u00fcler al\u0131nmakta ve son teknoloji cihazlar ile camlar\u0131n kesimi sa\u011flanmaktad\u0131r.<\/p>\n<p>[\/vc_column_text][vc_empty_space height=&#8221;60&#8243;][\/vc_column][\/vc_row][vc_row][vc_column css_animation=&#8221;slideInLeft&#8221; width=&#8221;1\/2&#8243;]<div class=\"ba-empty-space \" style=\"\"><div class=\"ba_empty_space_lg\"  style=\"height: 32px\"><\/div><div class=\"ba_empty_space_md\"  style=\"height: 32px\"><\/div><div class=\"ba_empty_space_xs\"  style=\"height: 32px\"><\/div><\/div>[vc_custom_heading text=&#8221;| %100 Is\u0131 Yal\u0131t\u0131ml\u0131&#8221; use_theme_fonts=&#8221;yes&#8221;][vc_column_text]Giyotin cam, \u00f6zel tasar\u0131m olarak \u00fcretilen ve k\u0131\u015f bah\u00e7eleri, balkonlar ve restaurantlar\u0131n kapat\u0131lmak amac\u0131 ile kullan\u0131lan b\u00f6lgelerine montaj\u0131 yap\u0131labilen hareketli cam \u00e7e\u015fididir. Firmam\u0131z ise m\u00fc\u015fterilerimiz i\u00e7in en kaliteli giyotin cam uygulamas\u0131n\u0131 haz\u0131rlamakta ve montaj\u0131n\u0131 ger\u00e7ekle\u015ftirmektedir. %100 \u0131s\u0131 yal\u0131t\u0131m\u0131na sahip olan Ada Yap\u0131 giyotin cam sistemi sayesinde odada bulunan \u0131s\u0131n\u0131n korunmas\u0131 maksimum derecede sa\u011flanabilmektedir. Hem yaz hem de k\u0131\u015f aylar\u0131nda \u00e7ok tercih edilen bu model yaz aylar\u0131nda serinli\u011fi, k\u0131\u015f aylar\u0131nda ise s\u0131cakl\u0131\u011f\u0131 polyamid bariyerler sayesinde %100 olarak muhafaza etmeye de fayda sa\u011flamaktad\u0131r.B\u00fcnyemizde olan 3 farkl\u0131 giyotin cam modeli ile m\u00fc\u015fterilerimiz diledikleri se\u00e7imi yapabilirken evlerinde ya da i\u015f yerlerinde son derece kullan\u0131\u015fl\u0131 olan bu \u00fcr\u00fcnleri de\u011ferlendirebilmektedir.[\/vc_column_text]<div class=\"ba-empty-space \" style=\"\"><div class=\"ba_empty_space_lg\"  style=\"height: 32px\"><\/div><div class=\"ba_empty_space_md\"  style=\"height: 32px\"><\/div><div class=\"ba_empty_space_xs\"  style=\"height: 32px\"><\/div><\/div>[\/vc_column][vc_column width=&#8221;1\/2&#8243;][vc_empty_space height=&#8221;60&#8243;][vc_single_image image=&#8221;3699&#8243; img_size=&#8221;640&#215;325&#8243; style=&#8221;vc_box_outline&#8221; onclick=&#8221;zoom&#8221; css_animation=&#8221;slideInRight&#8221;]<div class=\"ba-empty-space \" style=\"\"><div class=\"ba_empty_space_lg\"  style=\"height: 32px\"><\/div><div class=\"ba_empty_space_md\"  style=\"height: 32px\"><\/div><div class=\"ba_empty_space_xs\"  style=\"height: 32px\"><\/div><\/div>[\/vc_column][\/vc_row][vc_row css_animation=&#8221;fadeIn&#8221; css=&#8221;.vc_custom_1634196147855{background-image: url(http:\/\/www.ozaks.net\/wp-content\/uploads\/2020\/02\/request.jpg?id=2645) !important;}&#8221;][vc_column offset=&#8221;vc_hidden-sm vc_hidden-xs&#8221;][vc_empty_space][vc_gallery type=&#8221;image_grid&#8221; images=&#8221;3703,3706,3709,3712,3715,3718,3721,3724,3727,3730,3733,3736,3739,3742,3745,3748,3751,3754,3758,3761&#8243; img_size=&#8221;291&#215;150&#8243;][vc_empty_space][\/vc_column][\/vc_row][vc_row][vc_column][vc_empty_space height=&#8221;32&#8243;][vc_custom_heading text=&#8221;| Di\u011fer Hizmetlerimiz&#8221; use_theme_fonts=&#8221;yes&#8221;][vc_empty_space height=&#8221;32&#8243;][vc_row_inner][vc_column_inner width=&#8221;1\/3&#8243;]<div class='col-xs-12 no-padding delaware-image-box  delaware-image-box-4'><a href='' class='emtry-header'><div class='emtry-thumbnail'><img class=\"\" src=\"https:\/\/www.ozaks.net\/wp-content\/uploads\/2021\/10\/bioclimatic-pergola-footer-370x180.jpg\" width=\"370\" height=\"180\" alt=\"bioclimatic-pergola-footer\" title=\"bioclimatic-pergola-footer\" \/><\/div><div class='icon-content'><div class='overlay-border'><\/div><\/div><\/a><div class='emtry-content' >\n\t\t\t\t\t<a href='' class='emtry-title'><h4 class='title' title='Bioclimatic Pergola' >Bioclimatic Pergola<\/h4><\/a>\n\t\t\t\t\t<div class='descreption'><p>Rolling Roof Pergola d\u0131\u015f ortam etkilerini ya\u011fmur, kar, g\u00fcne\u015f, r\u00fczgar, g\u00fcn \u0131\u015f\u0131\u011f\u0131 gibi etkenlerden korunma imk\u00e2n\u0131 sunar.<\/p>\n<\/div>\n\t\t\t\t\t<a href='' class='readmore'>Read more <span class='svg-icon'><svg viewBox='0 0 20 20'><use xlink:href='#next'><\/use><\/svg><\/span><\/a>\n\t\t\t\t\t<div class='icon-content'><\/div>\n\t\t\t\t<\/div><\/div>[\/vc_column_inner][vc_column_inner width=&#8221;1\/3&#8243;]<div class='col-xs-12 no-padding delaware-image-box  delaware-image-box-4'><a href='https:\/\/www.ozaks.net\/pergola-tente\/' class='emtry-header'><div class='emtry-thumbnail'><img class=\"\" src=\"https:\/\/www.ozaks.net\/wp-content\/uploads\/2021\/10\/mimari-pergola-slider-16-1-1180x600_640x325-370x180.jpg\" width=\"370\" height=\"180\" alt=\"mimari-pergola-slider-16-1-1180x600_640x325\" title=\"mimari-pergola-slider-16-1-1180x600_640x325\" \/><\/div><div class='icon-content'><div class='overlay-border'><span class='' ><\/span><\/div><\/div><\/a><div class='emtry-content' >\n\t\t\t\t\t<a href='https:\/\/www.ozaks.net\/pergola-tente\/' class='emtry-title'><h4 class='title' title='Pergola Tente' >Pergola Tente<\/h4><\/a>\n\t\t\t\t\t<div class='descreption'><p>Pergola Tente ile a\u00e7\u0131k havada g\u00fcne\u015f \u0131\u015f\u0131\u011f\u0131n\u0131n ve temiz havan\u0131n keyfini \u00e7\u0131kar\u0131n veya ya\u011fmur alt\u0131nda oturun.<\/p>\n<\/div>\n\t\t\t\t\t<a href='https:\/\/www.ozaks.net\/pergola-tente\/' class='readmore'>Read more <span class='svg-icon'><svg viewBox='0 0 20 20'><use xlink:href='#next'><\/use><\/svg><\/span><\/a>\n\t\t\t\t\t<div class='icon-content'><span class='' ><\/span><\/div>\n\t\t\t\t<\/div><\/div>[\/vc_column_inner][vc_column_inner width=&#8221;1\/3&#8243;]<div class='col-xs-12 no-padding delaware-image-box  delaware-image-box-4'><a href='https:\/\/www.ozaks.net\/kis-bahcesi\/' class='emtry-header'><div class='emtry-thumbnail'><img class=\"\" src=\"https:\/\/www.ozaks.net\/wp-content\/uploads\/2021\/10\/bioclimatic-pergola-footer-370x180.jpg\" width=\"370\" height=\"180\" alt=\"bioclimatic-pergola-footer\" title=\"bioclimatic-pergola-footer\" \/><\/div><div class='icon-content'><div class='overlay-border'><span class='' ><\/span><\/div><\/div><\/a><div class='emtry-content' >\n\t\t\t\t\t<a href='https:\/\/www.ozaks.net\/kis-bahcesi\/' class='emtry-title'><h4 class='title' title='K\u0131\u015f Bah\u00e7esi' >K\u0131\u015f Bah\u00e7esi<\/h4><\/a>\n\t\t\t\t\t<div class='descreption'><p>Veranda k\u0131\u015f bah\u00e7esi, sistemleri villa tipi m\u00fcstakil evlerde oturan ev sakinleri i\u00e7in ideal bir se\u00e7imdir.<\/p>\n<\/div>\n\t\t\t\t\t<a href='https:\/\/www.ozaks.net\/kis-bahcesi\/' class='readmore'>Read more <span class='svg-icon'><svg viewBox='0 0 20 20'><use xlink:href='#next'><\/use><\/svg><\/span><\/a>\n\t\t\t\t\t<div class='icon-content'><span class='' ><\/span><\/div>\n\t\t\t\t<\/div><\/div>[\/vc_column_inner][\/vc_row_inner][\/vc_column][\/vc_row][vc_row full_width=&#8221;stretch_row_content_no_spaces&#8221; css=&#8221;.vc_custom_1634191943114{background-image: url(http:\/\/www.ozaks.net\/wp-content\/uploads\/2020\/02\/request.jpg?id=2645) !important;}&#8221;][vc_column]<div class=\"dl-map-shortcode \"><div id=\"dl_map_69e487fab0ace\" class=\"dl-map\" style=\"height: 350px;\"><\/div><\/div>[\/vc_column][\/vc_row]<\/p>\n","protected":false},"excerpt":{"rendered":"<p>[vc_row][vc_column][\/vc_column][\/vc_row][vc_row css_animation=&#8221;fadeIn&#8221; css=&#8221;.vc_custom_1633311197588{background-image: url(http:\/\/demo2.steelthemes.com\/delaware\/wp-content\/uploads\/sites\/10\/2020\/02\/welcome-bg.jpg?id=2573) !important;}&#8221;][vc_column][\/vc_column][\/vc_row][vc_row][vc_column css_animation=&#8221;slideInLeft&#8221; width=&#8221;1\/2&#8243;][vc_custom_heading text=&#8221;| Uzaktan Kontrol\u00fcn Konforu&#8221; use_theme_fonts=&#8221;yes&#8221;][vc_column_text]Giyotin Cam K\u00fcpe\u015fte Sistemleri \u00fcst\u00fc a\u00e7\u0131k ya\u015fam alanlar\u0131n\u0131z\u0131 daha fonksiyonel \u015fekilde kullanmak i\u00e7in size bir f\u0131rsat yarat\u0131r. Kaliteliden \u00f6d\u00fcn vermeden haz\u0131rlanan k\u00fcpe\u015fte ile istedi\u011finiz alan\u0131 rahatl\u0131kla kapatt\u0131rabilirsiniz. Motorlu k\u00fcpe\u015fteyi uygulamak istedi\u011finiz alana montaj uygulamas\u0131ndan sonra keyifle kullanmaya ba\u015flanabilirsiniz. Esen r\u00fczgar\u0131 \u00f6nlemek amac\u0131 ile k\u0131\u015f [&hellip;]<\/p>\n","protected":false},"author":1,"featured_media":3848,"parent":0,"menu_order":0,"comment_status":"closed","ping_status":"closed","template":"template-fullwidth.php","meta":[],"acf":[],"_links":{"self":[{"href":"https:\/\/www.ozaks.net\/en\/wp-json\/wp\/v2\/pages\/3846"}],"collection":[{"href":"https:\/\/www.ozaks.net\/en\/wp-json\/wp\/v2\/pages"}],"about":[{"href":"https:\/\/www.ozaks.net\/en\/wp-json\/wp\/v2\/types\/page"}],"author":[{"embeddable":true,"href":"https:\/\/www.ozaks.net\/en\/wp-json\/wp\/v2\/users\/1"}],"replies":[{"embeddable":true,"href":"https:\/\/www.ozaks.net\/en\/wp-json\/wp\/v2\/comments?post=3846"}],"version-history":[{"count":0,"href":"https:\/\/www.ozaks.net\/en\/wp-json\/wp\/v2\/pages\/3846\/revisions"}],"wp:featuredmedia":[{"embeddable":true,"href":"https:\/\/www.ozaks.net\/en\/wp-json\/wp\/v2\/media\/3848"}],"wp:attachment":[{"href":"https:\/\/www.ozaks.net\/en\/wp-json\/wp\/v2\/media?parent=3846"}],"curies":[{"name":"wp","href":"https:\/\/api.w.org\/{rel}","templated":true}]}}