{"id":3840,"date":"2017-05-18T00:32:45","date_gmt":"2017-05-17T21:32:45","guid":{"rendered":"https:\/\/www.ozaks.net\/kis-bahcesi\/"},"modified":"2017-05-18T00:32:45","modified_gmt":"2017-05-17T21:32:45","slug":"kis-bahcesi","status":"publish","type":"page","link":"https:\/\/www.ozaks.net\/en\/kis-bahcesi\/","title":{"rendered":"K\u0131\u015f Bah\u00e7esi"},"content":{"rendered":"<p>[vc_row][vc_column]\n\t\t\t<!-- START Plastik Do\u011frama 1 REVOLUTION SLIDER 6.5.2 --><p class=\"rs-p-wp-fix\"><\/p>\n\t\t\t<rs-module-wrap id=\"rev_slider_5_1_wrapper\" data-source=\"gallery\" style=\"visibility:hidden;background:transparent;padding:0;margin:0px auto;margin-top:0;margin-bottom:0;\">\n\t\t\t\t<rs-module id=\"rev_slider_5_1\" style=\"\" data-version=\"6.5.2\">\n\t\t\t\t\t<rs-slides>\n\t\t\t\t\t\t<rs-slide data-key=\"rs-10\" data-title=\"Slide\" data-anim=\"f:nodelay;\" data-in=\"o:0;sx:0;sy:0;e:back.inOut;row:5;col:5;\" data-out=\"e:back.out;\">\n\t\t\t\t\t\t\t<img src=\"\/\/www.ozaks.net\/wp-content\/plugins\/revslider\/public\/assets\/assets\/dummy.png\" title=\"kis-bahcesi-1_10.jpeg\" width=\"1280\" height=\"720\" class=\"rev-slidebg tp-rs-img rs-lazyload\" data-lazyload=\"\/\/www.ozaks.net\/wp-content\/uploads\/revslider\/video-media\/kis-bahcesi-1_10.jpeg\" data-no-retina>\n\t\t\t\t\t\t\t<rs-bgvideo \n\t\t\t\t\t\t\t\tdata-video=\"w:100%;h:100%;nse:false;l:true;ptimer:false;vfc:true;\"\n\t\t\t\t\t\t\t\tdata-mp4=\"\/\/www.ozaks.net\/wp-content\/uploads\/2021\/10\/kis-bahcesi-1.mp4\"\n\t\t\t\t\t\t\t><\/rs-bgvideo>\n<!--\n\t\t\t\t\t\t\t--><rs-layer\n\t\t\t\t\t\t\t\tid=\"slider-5-slide-10-layer-0\" \n\t\t\t\t\t\t\t\tdata-type=\"shape\"\n\t\t\t\t\t\t\t\tdata-rsp_ch=\"on\"\n\t\t\t\t\t\t\t\tdata-text=\"w:normal;s:20,14,10,6;l:0,18,13,8;\"\n\t\t\t\t\t\t\t\tdata-dim=\"w:100%;h:657px,491px,373px,230px;\"\n\t\t\t\t\t\t\t\tdata-basealign=\"slide\"\n\t\t\t\t\t\t\t\tdata-frame_999=\"o:0;st:w;\"\n\t\t\t\t\t\t\t\tstyle=\"z-index:8;background-color:rgba(0,0,0,0.5);\"\n\t\t\t\t\t\t\t> \n\t\t\t\t\t\t\t<\/rs-layer><!--\n\n\t\t\t\t\t\t\t--><rs-layer\n\t\t\t\t\t\t\t\tid=\"slider-5-slide-10-layer-1\" \n\t\t\t\t\t\t\t\tdata-type=\"text\"\n\t\t\t\t\t\t\t\tdata-rsp_ch=\"on\"\n\t\t\t\t\t\t\t\tdata-xy=\"xo:100px,100px,100px,86px;yo:158px,158px,134px,183px;\"\n\t\t\t\t\t\t\t\tdata-text=\"s:38,38,48,36;l:80,80,80,48;fw:300;a:inherit;\"\n\t\t\t\t\t\t\t\tdata-frame_0=\"x:-50px;\"\n\t\t\t\t\t\t\t\tdata-frame_1=\"sp:1000;\"\n\t\t\t\t\t\t\t\tdata-frame_999=\"x:50px;o:0;st:w;sp:500;sR:8000;\"\n\t\t\t\t\t\t\t\tstyle=\"z-index:9;font-family:Poppins;\"\n\t\t\t\t\t\t\t>| \u015e\u0131k ve Zarif Ya\u015fam Alanlar\u0131 \n\t\t\t\t\t\t\t<\/rs-layer><!--\n\n\t\t\t\t\t\t\t--><rs-layer\n\t\t\t\t\t\t\t\tid=\"slider-5-slide-10-layer-2\" \n\t\t\t\t\t\t\t\tdata-type=\"text\"\n\t\t\t\t\t\t\t\tdata-rsp_ch=\"on\"\n\t\t\t\t\t\t\t\tdata-xy=\"xo:100px,100px,100px,581px;yo:235px,235px,213px,216px;\"\n\t\t\t\t\t\t\t\tdata-text=\"s:59,59,48,48;l:87,87,60,60;fw:600;a:inherit;\"\n\t\t\t\t\t\t\t\tdata-vbility=\"t,t,t,f\"\n\t\t\t\t\t\t\t\tdata-frame_0=\"x:-50px;\"\n\t\t\t\t\t\t\t\tdata-frame_1=\"sp:1500;\"\n\t\t\t\t\t\t\t\tdata-frame_999=\"x:50px;o:0;st:w;sp:1000;sR:7500;\"\n\t\t\t\t\t\t\t\tstyle=\"z-index:10;font-family:Poppins;\"\n\t\t\t\t\t\t\t>K\u0131\u015f Bah\u00e7esi Sistemleri \n\t\t\t\t\t\t\t<\/rs-layer><!--\n\n\t\t\t\t\t\t\t--><rs-layer\n\t\t\t\t\t\t\t\tid=\"slider-5-slide-10-layer-3\" \n\t\t\t\t\t\t\t\tdata-type=\"text\"\n\t\t\t\t\t\t\t\tdata-rsp_ch=\"on\"\n\t\t\t\t\t\t\t\tdata-xy=\"xo:100px,100px,821px,821px;yo:325px,325px,307px,307px;\"\n\t\t\t\t\t\t\t\tdata-text=\"s:16;l:28;a:inherit;\"\n\t\t\t\t\t\t\t\tdata-vbility=\"t,t,f,f\"\n\t\t\t\t\t\t\t\tdata-frame_0=\"x:-50px;\"\n\t\t\t\t\t\t\t\tdata-frame_1=\"sp:700;\"\n\t\t\t\t\t\t\t\tdata-frame_999=\"x:50px;o:0;st:w;sp:500;sR:8300;\"\n\t\t\t\t\t\t\t\tstyle=\"z-index:11;font-family:Rubik;\"\n\t\t\t\t\t\t\t>Modern bir g\u00f6r\u00fcnt\u00fc olu\u015fturan plastik do\u011framalar pek \u00e7ok alanda tercih edilmeye devam <br\/>etmektedir.  Her b\u00fct\u00e7eye uygun olarak olu\u015fturulabilen plastik do\u011framalar <br\/>dayan\u0131kl\u0131 ve \u00e7evre dostu \u00fcr\u00fcnler olarak bilinmektedir. \n\t\t\t\t\t\t\t<\/rs-layer><!--\n\n\t\t\t\t\t\t\t--><rs-layer\n\t\t\t\t\t\t\t\tid=\"slider-5-slide-10-layer-6\" \n\t\t\t\t\t\t\t\tdata-type=\"image\"\n\t\t\t\t\t\t\t\tdata-rsp_ch=\"on\"\n\t\t\t\t\t\t\t\tdata-xy=\"xo:714px,533px,404px,249px;yo:36px,26px,19px,11px;\"\n\t\t\t\t\t\t\t\tdata-text=\"w:normal;s:20,14,10,6;l:0,18,13,8;\"\n\t\t\t\t\t\t\t\tdata-dim=\"w:556px,415px,315px,194px;h:627px,468px,355px,219px;\"\n\t\t\t\t\t\t\t\tdata-frame_999=\"o:0;st:w;\"\n\t\t\t\t\t\t\t\tstyle=\"z-index:14;\"\n\t\t\t\t\t\t\t><img src=\"\/\/www.ozaks.net\/wp-content\/plugins\/revslider\/public\/assets\/assets\/dummy.png\" class=\"tp-rs-img rs-lazyload\" width=\"374\" height=\"422\" data-lazyload=\"\/\/www.ozaks.net\/wp-content\/uploads\/2021\/10\/63-632043_office-woman-png-transparent-png-removebg-preview-1.png\" data-no-retina> \n\t\t\t\t\t\t\t<\/rs-layer><!--\n-->\t\t\t\t\t\t<\/rs-slide>\n\t\t\t\t\t<\/rs-slides>\n\t\t\t\t<\/rs-module>\n\t\t\t\t<script type=\"text\/javascript\">\n\t\t\t\t\tsetREVStartSize({c: 'rev_slider_5_1',rl:[1240,1024,778,480],el:[655,855,600,500],gw:[1370,1024,778,480],gh:[655,855,600,500],type:'standard',justify:'',layout:'fullwidth',mh:\"0\"});\n\t\t\t\t<\/script>\n\t\t\t<\/rs-module-wrap>\n\t\t\t<!-- END REVOLUTION SLIDER -->\n[\/vc_column][\/vc_row][vc_row css_animation=&#8221;fadeIn&#8221; css=&#8221;.vc_custom_1633311197588{background-image: url(http:\/\/demo2.steelthemes.com\/delaware\/wp-content\/uploads\/sites\/10\/2020\/02\/welcome-bg.jpg?id=2573) !important;}&#8221;][vc_column]<div class=\"ba-empty-space \" style=\"\"><div class=\"ba_empty_space_lg\"  style=\"height: 32px\"><\/div><div class=\"ba_empty_space_md\"  style=\"height: 32px\"><\/div><div class=\"ba_empty_space_xs\"  style=\"height: 32px\"><\/div><\/div><div class=\"dl-cta text-dark border-display \"><div class=\"container\"><div class=\"cta-wrapper classic fix-top\"><div class=\"cta-content\"> <h2 style='font-size:30px;font-weight:700;'>Modern \u00c7a\u011f\u0131n Modern Tasar\u0131mlar\u0131 \u2714<\/h2> <p>Bizi tan\u0131man\u0131n en iyi yolu, m\u00fc\u015fterilerimiz i\u00e7in yapt\u0131\u011f\u0131m\u0131z \u00e7al\u0131\u015fmalar\u0131 ve ekibimize ilham veren fikirleri ara\u015ft\u0131rmakt\u0131r. Uzmanl\u0131\u011f\u0131m\u0131z\u0131n hizmet hatlar\u0131nda nas\u0131l uyguland\u0131\u011f\u0131n\u0131 g\u00f6rmek i\u00e7in referanslar\u0131m\u0131z\u0131 g\u00f6r\u00fcnt\u00fcleyin.<\/p> <\/div> <div class=\"dl-button \"><a href=\"https:\/\/www.ozaks.net\/\" style =\"color:#222222\">TEKL\u0130F AL ! <\/a><\/div><\/div><\/div><\/div><div class=\"ba-empty-space \" style=\"\"><div class=\"ba_empty_space_lg\"  style=\"height: 32px\"><\/div><div class=\"ba_empty_space_md\"  style=\"height: 32px\"><\/div><div class=\"ba_empty_space_xs\"  style=\"height: 32px\"><\/div><\/div>[\/vc_column][\/vc_row][vc_row][vc_column css_animation=&#8221;slideInLeft&#8221; width=&#8221;1\/2&#8243;]<div class=\"ba-empty-space \" style=\"\"><div class=\"ba_empty_space_lg\"  style=\"height: 32px\"><\/div><div class=\"ba_empty_space_md\"  style=\"height: 32px\"><\/div><div class=\"ba_empty_space_xs\"  style=\"height: 32px\"><\/div><\/div>[vc_custom_heading text=&#8221;| Do\u011fa ile i\u00e7 i\u00e7e hem yaz\u0131n hem k\u0131\u015f\u0131n tad\u0131n\u0131 \u00e7\u0131kar\u0131n&#8221; use_theme_fonts=&#8221;yes&#8221;][vc_column_text]Duvarlar\u0131 ve tavan\u0131 da cam olan veranda k\u0131\u015f bah\u00e7eleri \u00f6zellikle ho\u015f manzaral\u0131 restoran ve cafelerde kullan\u0131\u015fl\u0131l\u0131k arz eder. M\u00fc\u015fteriler bu alanlara \u00e7\u0131kt\u0131klar\u0131 zaman hem mekan\u0131n manzaras\u0131na doymakta, hem de i\u00e7eri giren g\u00fcn \u0131\u015f\u0131\u011f\u0131ndan doyas\u0131ya faydalanmaktad\u0131r. veranda k\u0131\u015f bah\u00e7esi \u00e7e\u015fitleri mekan sahiplerine bolca m\u00fc\u015fteri kazand\u0131rmakla \u00fcnlenmi\u015f tasar\u0131mlard\u0131r.<br \/>\nTabiki bireysel villa ya da yazl\u0131k sahiplerinin de vazge\u00e7ilmez tercihleri aras\u0131ndad\u0131r. Huzur, dinginlik ve s\u00fck\u00fbnet istedi\u011finiz zamanlar buraya gelerek, s\u0131cak bir i\u00e7ecek ve kahveniz ile mutlulu\u011fu bulabilirsiniz. .[\/vc_column_text]<div class=\"ba-empty-space \" style=\"\"><div class=\"ba_empty_space_lg\"  style=\"height: 32px\"><\/div><div class=\"ba_empty_space_md\"  style=\"height: 32px\"><\/div><div class=\"ba_empty_space_xs\"  style=\"height: 32px\"><\/div><\/div>[\/vc_column][vc_column width=&#8221;1\/2&#8243;][vc_empty_space height=&#8221;60&#8243;][vc_single_image image=&#8221;3311&#8243; img_size=&#8221;640&#215;325&#8243; style=&#8221;vc_box_outline&#8221; onclick=&#8221;zoom&#8221; css_animation=&#8221;slideInRight&#8221;]<div class=\"ba-empty-space \" style=\"\"><div class=\"ba_empty_space_lg\"  style=\"height: 32px\"><\/div><div class=\"ba_empty_space_md\"  style=\"height: 32px\"><\/div><div class=\"ba_empty_space_xs\"  style=\"height: 32px\"><\/div><\/div>[\/vc_column][\/vc_row][vc_row css=&#8221;.vc_custom_1634344200146{background-image: url(http:\/\/www.ozaks.net\/wp-content\/uploads\/2020\/02\/testimonial-bg.jpg?id=2677) !important;}&#8221;][vc_column width=&#8221;1\/2&#8243;]<div class=\"ba-empty-space \" style=\"\"><div class=\"ba_empty_space_lg\"  style=\"height: 32px\"><\/div><div class=\"ba_empty_space_md\"  style=\"height: 32px\"><\/div><div class=\"ba_empty_space_xs\"  style=\"height: 32px\"><\/div><\/div>[vc_single_image image=&#8221;3308&#8243; img_size=&#8221;640&#215;325&#8243; style=&#8221;vc_box_outline&#8221; onclick=&#8221;zoom&#8221; css_animation=&#8221;slideInLeft&#8221;]<div class=\"ba-empty-space \" style=\"\"><div class=\"ba_empty_space_lg\"  style=\"height: 32px\"><\/div><div class=\"ba_empty_space_md\"  style=\"height: 32px\"><\/div><div class=\"ba_empty_space_xs\"  style=\"height: 32px\"><\/div><\/div>[\/vc_column][vc_column css_animation=&#8221;slideInRight&#8221; width=&#8221;1\/2&#8243;]<div class=\"ba-empty-space \" style=\"\"><div class=\"ba_empty_space_lg\"  style=\"height: 32px\"><\/div><div class=\"ba_empty_space_md\"  style=\"height: 32px\"><\/div><div class=\"ba_empty_space_xs\"  style=\"height: 32px\"><\/div><\/div>[vc_custom_heading text=&#8221;| Is\u0131 , Su ve Ses Yal\u0131t\u0131m\u0131&#8221; font_container=&#8221;tag:h2|text_align:right&#8221; use_theme_fonts=&#8221;yes&#8221;][vc_column_text]<\/p>\n<p style=\"text-align: right;\">K\u0131\u015f\u0131nda \u00e7i\u00e7eklerle dolu ve do\u011fan\u0131n i\u00e7inde bir alan isteyenler i\u00e7in do\u011fru ve geni\u015f d\u0131\u015f alanlarda haz\u0131rlanarak rahat kullan\u0131m imkan\u0131 sa\u011flan\u0131r. G\u00fczel bir k\u0131\u015f bah\u00e7esi i\u00e7in haz\u0131rlayaca\u011f\u0131m\u0131z alana istenilen her t\u00fcrl\u00fc dekorasyon d\u00fc\u015f\u00fcncesini uygulayabilirsiniz. Kullan\u0131lacak kaliteli malzemeler sayesinde d\u0131\u015far\u0131dan gelebilecek her t\u00fcrl\u00fc tehdide kar\u015f\u0131 \u00f6nlem al\u0131nm\u0131\u015f olursunuz. Is\u0131 kayb\u0131 k\u0131\u015f bah\u00e7esi sistemlerinde maksimum oranda azalt\u0131l\u0131r. Bu sayede k\u0131\u015f\u0131nda s\u0131cak ve g\u00fczel bir bah\u00e7ede oturmak m\u00fcmk\u00fcn olur.<\/p>\n<p>[\/vc_column_text][vc_empty_space height=&#8221;60&#8243;][\/vc_column][\/vc_row][vc_row][vc_column css_animation=&#8221;slideInLeft&#8221; width=&#8221;1\/2&#8243;]<div class=\"ba-empty-space \" style=\"\"><div class=\"ba_empty_space_lg\"  style=\"height: 32px\"><\/div><div class=\"ba_empty_space_md\"  style=\"height: 32px\"><\/div><div class=\"ba_empty_space_xs\"  style=\"height: 32px\"><\/div><\/div>[vc_custom_heading text=&#8221;| Panoromik Cam Tavan&#8217;\u0131n Ferahl\u0131\u011f\u0131&#8221; use_theme_fonts=&#8221;yes&#8221;][vc_column_text]\u0130nsanlar\u0131n bir\u00e7o\u011fu y\u0131ld\u0131zlara bakarak uykuya dalman\u0131n ve en g\u00fczel r\u00fcyalar\u0131 g\u00f6rmenin hayali kurar. Bu r\u00fcya, g\u00f6r\u00fcn\u00fc\u015f\u00fc olmayan bir \u00e7at\u0131 ile m\u00fcmk\u00fcnd\u00fcr; \u015fekli ve tasar\u0131m\u0131 \u00e7ok \u00e7e\u015fitlilik g\u00f6sterebilir. Se\u00e7iminiz d\u00fcz bir cam \u00e7at\u0131 ise, \u00fczerine kar ya\u011fmas\u0131 i\u00e7in, \u00e7ift caml\u0131 pencereleri \u0131s\u0131tma sistemi sa\u011flayabilirsiniz.<br \/>\nBu ama\u00e7la, elektrikli ekipman, profilin \u00e7evresine yerle\u015ftirilir ve gerekti\u011finde a\u00e7\u0131l\u0131p kapat\u0131labilir. Ev ile bir ba\u011flant\u0131 kurmak \u00e7evreleyen tabiat\u0131, cam bir \u00e7at\u0131l\u0131 teras\u0131 \u00e7ok \u015f\u0131k ve zarif g\u00f6sterir.<br \/>\nB\u00f6yle bir \u00e7at\u0131, y\u0131ld\u0131zl\u0131 g\u00f6ky\u00fcz\u00fcn\u00fcn manzaras\u0131n\u0131n keyfini \u00e7\u0131karmay\u0131 engellemez, buna ek olarak, do\u011fal \u0131\u015f\u0131\u011f\u0131n eve girmesine m\u00fcdahale etmez.[\/vc_column_text]<div class=\"ba-empty-space \" style=\"\"><div class=\"ba_empty_space_lg\"  style=\"height: 32px\"><\/div><div class=\"ba_empty_space_md\"  style=\"height: 32px\"><\/div><div class=\"ba_empty_space_xs\"  style=\"height: 32px\"><\/div><\/div>[\/vc_column][vc_column width=&#8221;1\/2&#8243;][vc_empty_space height=&#8221;60&#8243;][vc_single_image image=&#8221;3316&#8243; img_size=&#8221;640&#215;325&#8243; style=&#8221;vc_box_outline&#8221; onclick=&#8221;zoom&#8221; css_animation=&#8221;slideInRight&#8221;]<div class=\"ba-empty-space \" style=\"\"><div class=\"ba_empty_space_lg\"  style=\"height: 32px\"><\/div><div class=\"ba_empty_space_md\"  style=\"height: 32px\"><\/div><div class=\"ba_empty_space_xs\"  style=\"height: 32px\"><\/div><\/div>[\/vc_column][\/vc_row][vc_row css_animation=&#8221;fadeIn&#8221; css=&#8221;.vc_custom_1634196147855{background-image: url(http:\/\/www.ozaks.net\/wp-content\/uploads\/2020\/02\/request.jpg?id=2645) !important;}&#8221;][vc_column offset=&#8221;vc_hidden-sm vc_hidden-xs&#8221;][vc_empty_space][vc_gallery type=&#8221;image_grid&#8221; images=&#8221;3056,3064,3066,3061,3060,3067,3059,3058,3063,3057,3062,3065&#8243; img_size=&#8221;291&#215;150&#8243;][vc_empty_space][\/vc_column][\/vc_row][vc_row][vc_column][vc_empty_space height=&#8221;32&#8243;][vc_custom_heading text=&#8221;| Di\u011fer Hizmetlerimiz&#8221; use_theme_fonts=&#8221;yes&#8221;][vc_empty_space height=&#8221;32&#8243;][vc_row_inner][vc_column_inner width=&#8221;1\/3&#8243;]<div class='col-xs-12 no-padding delaware-image-box  delaware-image-box-4'><a href='' class='emtry-header'><div class='emtry-thumbnail'><img class=\"\" src=\"https:\/\/www.ozaks.net\/wp-content\/uploads\/2021\/10\/bioclimatic-pergola-footer-370x180.jpg\" width=\"370\" height=\"180\" alt=\"bioclimatic-pergola-footer\" title=\"bioclimatic-pergola-footer\" \/><\/div><div class='icon-content'><div class='overlay-border'><\/div><\/div><\/a><div class='emtry-content' >\n\t\t\t\t\t<a href='' class='emtry-title'><h4 class='title' title='Bioclimatic Pergola' >Bioclimatic Pergola<\/h4><\/a>\n\t\t\t\t\t<div class='descreption'><p>Rolling Roof Pergola d\u0131\u015f ortam etkilerini ya\u011fmur, kar, g\u00fcne\u015f, r\u00fczgar, g\u00fcn \u0131\u015f\u0131\u011f\u0131 gibi etkenlerden korunma imk\u00e2n\u0131 sunar.<\/p>\n<\/div>\n\t\t\t\t\t<a href='' class='readmore'>Read more <span class='svg-icon'><svg viewBox='0 0 20 20'><use xlink:href='#next'><\/use><\/svg><\/span><\/a>\n\t\t\t\t\t<div class='icon-content'><\/div>\n\t\t\t\t<\/div><\/div>[\/vc_column_inner][vc_column_inner width=&#8221;1\/3&#8243;]<div class='col-xs-12 no-padding delaware-image-box  delaware-image-box-4'><a href='https:\/\/www.ozaks.net\/pergola-tente\/' class='emtry-header'><div class='emtry-thumbnail'><img class=\"\" src=\"https:\/\/www.ozaks.net\/wp-content\/uploads\/2021\/10\/mimari-pergola-slider-16-1-1180x600_640x325-370x180.jpg\" width=\"370\" height=\"180\" alt=\"mimari-pergola-slider-16-1-1180x600_640x325\" title=\"mimari-pergola-slider-16-1-1180x600_640x325\" \/><\/div><div class='icon-content'><div class='overlay-border'><span class='' ><\/span><\/div><\/div><\/a><div class='emtry-content' >\n\t\t\t\t\t<a href='https:\/\/www.ozaks.net\/pergola-tente\/' class='emtry-title'><h4 class='title' title='Pergola Tente' >Pergola Tente<\/h4><\/a>\n\t\t\t\t\t<div class='descreption'><p>Pergola Tente ile a\u00e7\u0131k havada g\u00fcne\u015f \u0131\u015f\u0131\u011f\u0131n\u0131n ve temiz havan\u0131n keyfini \u00e7\u0131kar\u0131n veya ya\u011fmur alt\u0131nda oturun.<\/p>\n<\/div>\n\t\t\t\t\t<a href='https:\/\/www.ozaks.net\/pergola-tente\/' class='readmore'>Read more <span class='svg-icon'><svg viewBox='0 0 20 20'><use xlink:href='#next'><\/use><\/svg><\/span><\/a>\n\t\t\t\t\t<div class='icon-content'><span class='' ><\/span><\/div>\n\t\t\t\t<\/div><\/div>[\/vc_column_inner][vc_column_inner width=&#8221;1\/3&#8243;]<div class='col-xs-12 no-padding delaware-image-box  delaware-image-box-4'><a href='https:\/\/www.ozaks.net\/kis-bahcesi\/' class='emtry-header'><div class='emtry-thumbnail'><img class=\"\" src=\"https:\/\/www.ozaks.net\/wp-content\/uploads\/2021\/10\/bioclimatic-pergola-footer-370x180.jpg\" width=\"370\" height=\"180\" alt=\"bioclimatic-pergola-footer\" title=\"bioclimatic-pergola-footer\" \/><\/div><div class='icon-content'><div class='overlay-border'><span class='' ><\/span><\/div><\/div><\/a><div class='emtry-content' >\n\t\t\t\t\t<a href='https:\/\/www.ozaks.net\/kis-bahcesi\/' class='emtry-title'><h4 class='title' title='K\u0131\u015f Bah\u00e7esi' >K\u0131\u015f Bah\u00e7esi<\/h4><\/a>\n\t\t\t\t\t<div class='descreption'><p>Veranda k\u0131\u015f bah\u00e7esi, sistemleri villa tipi m\u00fcstakil evlerde oturan ev sakinleri i\u00e7in ideal bir se\u00e7imdir.<\/p>\n<\/div>\n\t\t\t\t\t<a href='https:\/\/www.ozaks.net\/kis-bahcesi\/' class='readmore'>Read more <span class='svg-icon'><svg viewBox='0 0 20 20'><use xlink:href='#next'><\/use><\/svg><\/span><\/a>\n\t\t\t\t\t<div class='icon-content'><span class='' ><\/span><\/div>\n\t\t\t\t<\/div><\/div>[\/vc_column_inner][\/vc_row_inner][\/vc_column][\/vc_row][vc_row full_width=&#8221;stretch_row_content_no_spaces&#8221; css=&#8221;.vc_custom_1634191943114{background-image: url(http:\/\/www.ozaks.net\/wp-content\/uploads\/2020\/02\/request.jpg?id=2645) !important;}&#8221;][vc_column]<div class=\"dl-map-shortcode \"><div id=\"dl_map_69e5612ea9ea9\" class=\"dl-map\" style=\"height: 350px;\"><\/div><\/div>[\/vc_column][\/vc_row]<\/p>\n","protected":false},"excerpt":{"rendered":"<p>[vc_row][vc_column][\/vc_column][\/vc_row][vc_row css_animation=&#8221;fadeIn&#8221; css=&#8221;.vc_custom_1633311197588{background-image: url(http:\/\/demo2.steelthemes.com\/delaware\/wp-content\/uploads\/sites\/10\/2020\/02\/welcome-bg.jpg?id=2573) !important;}&#8221;][vc_column][\/vc_column][\/vc_row][vc_row][vc_column css_animation=&#8221;slideInLeft&#8221; width=&#8221;1\/2&#8243;][vc_custom_heading text=&#8221;| Do\u011fa ile i\u00e7 i\u00e7e hem yaz\u0131n hem k\u0131\u015f\u0131n tad\u0131n\u0131 \u00e7\u0131kar\u0131n&#8221; use_theme_fonts=&#8221;yes&#8221;][vc_column_text]Duvarlar\u0131 ve tavan\u0131 da cam olan veranda k\u0131\u015f bah\u00e7eleri \u00f6zellikle ho\u015f manzaral\u0131 restoran ve cafelerde kullan\u0131\u015fl\u0131l\u0131k arz eder. M\u00fc\u015fteriler bu alanlara \u00e7\u0131kt\u0131klar\u0131 zaman hem mekan\u0131n manzaras\u0131na doymakta, hem de i\u00e7eri giren g\u00fcn \u0131\u015f\u0131\u011f\u0131ndan doyas\u0131ya faydalanmaktad\u0131r. veranda k\u0131\u015f [&hellip;]<\/p>\n","protected":false},"author":1,"featured_media":3842,"parent":0,"menu_order":0,"comment_status":"closed","ping_status":"closed","template":"template-fullwidth.php","meta":[],"acf":[],"_links":{"self":[{"href":"https:\/\/www.ozaks.net\/en\/wp-json\/wp\/v2\/pages\/3840"}],"collection":[{"href":"https:\/\/www.ozaks.net\/en\/wp-json\/wp\/v2\/pages"}],"about":[{"href":"https:\/\/www.ozaks.net\/en\/wp-json\/wp\/v2\/types\/page"}],"author":[{"embeddable":true,"href":"https:\/\/www.ozaks.net\/en\/wp-json\/wp\/v2\/users\/1"}],"replies":[{"embeddable":true,"href":"https:\/\/www.ozaks.net\/en\/wp-json\/wp\/v2\/comments?post=3840"}],"version-history":[{"count":0,"href":"https:\/\/www.ozaks.net\/en\/wp-json\/wp\/v2\/pages\/3840\/revisions"}],"wp:featuredmedia":[{"embeddable":true,"href":"https:\/\/www.ozaks.net\/en\/wp-json\/wp\/v2\/media\/3842"}],"wp:attachment":[{"href":"https:\/\/www.ozaks.net\/en\/wp-json\/wp\/v2\/media?parent=3840"}],"curies":[{"name":"wp","href":"https:\/\/api.w.org\/{rel}","templated":true}]}}