{"id":3826,"date":"2017-05-18T00:30:55","date_gmt":"2017-05-17T21:30:55","guid":{"rendered":"https:\/\/www.ozaks.net\/plastik-dograma\/"},"modified":"2021-11-17T23:56:20","modified_gmt":"2021-11-17T20:56:20","slug":"plastic-joinery","status":"publish","type":"page","link":"https:\/\/www.ozaks.net\/en\/plastic-joinery\/","title":{"rendered":"Plastic Joinery"},"content":{"rendered":"<p>[vc_row][vc_column]\n\t\t\t<!-- START Plastik Do\u011frama REVOLUTION SLIDER 6.5.2 --><p class=\"rs-p-wp-fix\"><\/p>\n\t\t\t<rs-module-wrap id=\"rev_slider_3_1_wrapper\" data-source=\"gallery\" style=\"visibility:hidden;background:transparent;padding:0;margin:0px auto;margin-top:0;margin-bottom:0;\">\n\t\t\t\t<rs-module id=\"rev_slider_3_1\" style=\"\" data-version=\"6.5.2\">\n\t\t\t\t\t<rs-slides>\n\t\t\t\t\t\t<rs-slide data-key=\"rs-8\" data-title=\"Slide\" data-anim=\"f:nodelay;\" data-in=\"o:0;sx:0;sy:0;e:back.inOut;row:5;col:5;\" data-out=\"e:back.out;\">\n\t\t\t\t\t\t\t<img src=\"\/\/www.ozaks.net\/wp-content\/plugins\/revslider\/public\/assets\/assets\/dummy.png\" title=\"plastik-dograma_8.jpeg\" width=\"1280\" height=\"720\" class=\"rev-slidebg tp-rs-img rs-lazyload\" data-lazyload=\"\/\/www.ozaks.net\/wp-content\/uploads\/revslider\/video-media\/plastik-dograma_8.jpeg\" data-no-retina>\n\t\t\t\t\t\t\t<rs-bgvideo \n\t\t\t\t\t\t\t\tdata-video=\"w:100%;h:100%;nse:false;l:true;ptimer:false;vfc:true;\"\n\t\t\t\t\t\t\t\tdata-mp4=\"\/\/www.ozaks.net\/wp-content\/uploads\/2021\/10\/plastik-dograma.mp4\"\n\t\t\t\t\t\t\t><\/rs-bgvideo>\n<!--\n\t\t\t\t\t\t\t--><rs-layer\n\t\t\t\t\t\t\t\tid=\"slider-3-slide-8-layer-0\" \n\t\t\t\t\t\t\t\tdata-type=\"shape\"\n\t\t\t\t\t\t\t\tdata-rsp_ch=\"on\"\n\t\t\t\t\t\t\t\tdata-xy=\"xo:-1px,0,0,0;yo:-1px,0,0,0;\"\n\t\t\t\t\t\t\t\tdata-text=\"w:normal;s:20,14,10,6;l:0,18,13,8;\"\n\t\t\t\t\t\t\t\tdata-dim=\"w:100%;h:659px,492px,373px,230px;\"\n\t\t\t\t\t\t\t\tdata-basealign=\"slide\"\n\t\t\t\t\t\t\t\tdata-frame_999=\"o:0;st:w;\"\n\t\t\t\t\t\t\t\tstyle=\"z-index:8;background-color:rgba(0,0,0,0.5);\"\n\t\t\t\t\t\t\t> \n\t\t\t\t\t\t\t<\/rs-layer><!--\n\n\t\t\t\t\t\t\t--><rs-layer\n\t\t\t\t\t\t\t\tid=\"slider-3-slide-8-layer-1\" \n\t\t\t\t\t\t\t\tdata-type=\"text\"\n\t\t\t\t\t\t\t\tdata-rsp_ch=\"on\"\n\t\t\t\t\t\t\t\tdata-xy=\"xo:100px,100px,100px,86px;yo:158px,158px,134px,183px;\"\n\t\t\t\t\t\t\t\tdata-text=\"s:38,38,48,36;l:80,80,80,48;fw:300;a:inherit;\"\n\t\t\t\t\t\t\t\tdata-frame_0=\"x:-50px;\"\n\t\t\t\t\t\t\t\tdata-frame_1=\"sp:1000;\"\n\t\t\t\t\t\t\t\tdata-frame_999=\"x:50px;o:0;st:w;sp:500;sR:8000;\"\n\t\t\t\t\t\t\t\tstyle=\"z-index:9;font-family:Poppins;\"\n\t\t\t\t\t\t\t>| \u015e\u0131k ve Zarif Ya\u015fam Alanlar\u0131 \n\t\t\t\t\t\t\t<\/rs-layer><!--\n\n\t\t\t\t\t\t\t--><rs-layer\n\t\t\t\t\t\t\t\tid=\"slider-3-slide-8-layer-2\" \n\t\t\t\t\t\t\t\tdata-type=\"text\"\n\t\t\t\t\t\t\t\tdata-rsp_ch=\"on\"\n\t\t\t\t\t\t\t\tdata-xy=\"xo:100px,100px,100px,581px;yo:235px,235px,213px,216px;\"\n\t\t\t\t\t\t\t\tdata-text=\"s:59,59,48,48;l:87,87,60,60;fw:600;a:inherit;\"\n\t\t\t\t\t\t\t\tdata-vbility=\"t,t,t,f\"\n\t\t\t\t\t\t\t\tdata-frame_0=\"x:-50px;\"\n\t\t\t\t\t\t\t\tdata-frame_1=\"sp:1500;\"\n\t\t\t\t\t\t\t\tdata-frame_999=\"x:50px;o:0;st:w;sp:1000;sR:7500;\"\n\t\t\t\t\t\t\t\tstyle=\"z-index:10;font-family:Poppins;\"\n\t\t\t\t\t\t\t>Plastik Do\u011frama \n\t\t\t\t\t\t\t<\/rs-layer><!--\n\n\t\t\t\t\t\t\t--><rs-layer\n\t\t\t\t\t\t\t\tid=\"slider-3-slide-8-layer-3\" \n\t\t\t\t\t\t\t\tdata-type=\"text\"\n\t\t\t\t\t\t\t\tdata-rsp_ch=\"on\"\n\t\t\t\t\t\t\t\tdata-xy=\"xo:100px,100px,821px,821px;yo:325px,325px,307px,307px;\"\n\t\t\t\t\t\t\t\tdata-text=\"s:16;l:28;a:inherit;\"\n\t\t\t\t\t\t\t\tdata-vbility=\"t,t,f,f\"\n\t\t\t\t\t\t\t\tdata-frame_0=\"x:-50px;\"\n\t\t\t\t\t\t\t\tdata-frame_1=\"sp:700;\"\n\t\t\t\t\t\t\t\tdata-frame_999=\"x:50px;o:0;st:w;sp:500;sR:8300;\"\n\t\t\t\t\t\t\t\tstyle=\"z-index:11;font-family:Rubik;\"\n\t\t\t\t\t\t\t>Modern bir g\u00f6r\u00fcnt\u00fc olu\u015fturan plastik do\u011framalar pek \u00e7ok alanda tercih edilmeye devam <br\/>etmektedir.  Her b\u00fct\u00e7eye uygun olarak olu\u015fturulabilen plastik do\u011framalar <br\/>dayan\u0131kl\u0131 ve \u00e7evre dostu \u00fcr\u00fcnler olarak bilinmektedir. \n\t\t\t\t\t\t\t<\/rs-layer><!--\n\n\t\t\t\t\t\t\t--><rs-layer\n\t\t\t\t\t\t\t\tid=\"slider-3-slide-8-layer-6\" \n\t\t\t\t\t\t\t\tdata-type=\"image\"\n\t\t\t\t\t\t\t\tdata-rsp_ch=\"on\"\n\t\t\t\t\t\t\t\tdata-xy=\"xo:714px,533px,404px,249px;yo:34px,25px,18px,11px;\"\n\t\t\t\t\t\t\t\tdata-text=\"w:normal;s:20,14,10,6;l:0,18,13,8;\"\n\t\t\t\t\t\t\t\tdata-dim=\"w:556px,415px,315px,194px;h:627px,468px,355px,219px;\"\n\t\t\t\t\t\t\t\tdata-frame_999=\"o:0;st:w;\"\n\t\t\t\t\t\t\t\tstyle=\"z-index:14;\"\n\t\t\t\t\t\t\t><img src=\"\/\/www.ozaks.net\/wp-content\/plugins\/revslider\/public\/assets\/assets\/dummy.png\" class=\"tp-rs-img rs-lazyload\" width=\"374\" height=\"422\" data-lazyload=\"\/\/www.ozaks.net\/wp-content\/uploads\/2021\/10\/63-632043_office-woman-png-transparent-png-removebg-preview-1.png\" data-no-retina> \n\t\t\t\t\t\t\t<\/rs-layer><!--\n-->\t\t\t\t\t\t<\/rs-slide>\n\t\t\t\t\t<\/rs-slides>\n\t\t\t\t<\/rs-module>\n\t\t\t\t<script type=\"text\/javascript\">\n\t\t\t\t\tsetREVStartSize({c: 'rev_slider_3_1',rl:[1240,1024,778,480],el:[655,855,600,500],gw:[1370,1024,778,480],gh:[655,855,600,500],type:'standard',justify:'',layout:'fullwidth',mh:\"0\"});\n\t\t\t\t<\/script>\n\t\t\t<\/rs-module-wrap>\n\t\t\t<!-- END REVOLUTION SLIDER -->\n[\/vc_column][\/vc_row][vc_row css_animation=&#8221;fadeIn&#8221; css=&#8221;.vc_custom_1633311197588{background-image: url(http:\/\/demo2.steelthemes.com\/delaware\/wp-content\/uploads\/sites\/10\/2020\/02\/welcome-bg.jpg?id=2573) !important;}&#8221;][vc_column]<div class=\"ba-empty-space \" style=\"\"><div class=\"ba_empty_space_lg\"  style=\"height: 32px\"><\/div><div class=\"ba_empty_space_md\"  style=\"height: 32px\"><\/div><div class=\"ba_empty_space_xs\"  style=\"height: 32px\"><\/div><\/div><div class=\"dl-cta text-dark border-display \"><div class=\"container\"><div class=\"cta-wrapper classic fix-top\"><div class=\"cta-content\"> <h2 style='font-size:30px;font-weight:700;'>Modern Designs of the Modern Age \u2714<\/h2> <p>The best way to get to know us is to research the work we do for our clients and the ideas that inspire our team. View our references to see how our expertise is applied across service lines.<\/p>\n<p><\/p> <\/div> <div class=\"dl-button \"><a href=\"https:\/\/www.ozaks.net\/\" style =\"color:#222222\">GET OFFER ! <\/a><\/div><\/div><\/div><\/div><div class=\"ba-empty-space \" style=\"\"><div class=\"ba_empty_space_lg\"  style=\"height: 32px\"><\/div><div class=\"ba_empty_space_md\"  style=\"height: 32px\"><\/div><div class=\"ba_empty_space_xs\"  style=\"height: 32px\"><\/div><\/div>[\/vc_column][\/vc_row][vc_row][vc_column width=&#8221;1\/2&#8243;]<div class=\"ba-empty-space \" style=\"\"><div class=\"ba_empty_space_lg\"  style=\"height: 32px\"><\/div><div class=\"ba_empty_space_md\"  style=\"height: 32px\"><\/div><div class=\"ba_empty_space_xs\"  style=\"height: 32px\"><\/div><\/div>[vc_custom_heading text=&#8221;| Folding Plastic Joinery<br \/>\n&#8221; use_theme_fonts=&#8221;yes&#8221;][vc_column_text]<\/p>\n<div class=\"wpb_text_column wpb_content_element \">\n<div class=\"wpb_wrapper\">\n<p>Today, the importance of energy saving and efficient use is increasing as much as energy resources.\u00a082% of the energy in building complexes is used for heating purposes.\u00a0This rate corresponds to 26% of the total energy used in our country.\u00a040% of the heat loss in buildings originates from the outer walls, 30% from the windows, 17% from the outer doors or balcony doors facing the outside, 7% from the roof and 6% from the underfloor.\u00a0This situation highlights the houses as one of the most important areas to save and PVC window systems as insulation systems.\u00a0The fact that the most limited and most expensive resource is energy, puts more emphasis on &#8220;conservation of energy&#8221;, that is, insulation, in window systems.<\/p>\n<\/div>\n<\/div>\n<p>[\/vc_column_text][vc_empty_space height=&#8221;60&#8243;][\/vc_column][vc_column width=&#8221;1\/2&#8243;][vc_empty_space height=&#8221;60&#8243;][vc_single_image image=&#8221;3049&#8243; img_size=&#8221;640&#215;325&#8243; style=&#8221;vc_box_outline&#8221; onclick=&#8221;zoom&#8221; css_animation=&#8221;slideInRight&#8221;][\/vc_column][\/vc_row][vc_row css=&#8221;.vc_custom_1634332934339{background-image: url(http:\/\/www.ozaks.net\/wp-content\/uploads\/2020\/02\/request.jpg?id=2645) !important;}&#8221;][vc_column offset=&#8221;vc_hidden-sm vc_hidden-xs&#8221;][vc_empty_space][vc_gallery type=&#8221;image_grid&#8221; images=&#8221;3205,3208,3211,3214,3217,3220,3223,3226,3232,3235,3238,3241&#8243; img_size=&#8221;291&#215;150&#8243;][vc_empty_space][\/vc_column][\/vc_row][vc_row][vc_column width=&#8221;1\/2&#8243;][vc_empty_space height=&#8221;54&#8243;][vc_single_image image=&#8221;3047&#8243; img_size=&#8221;640&#215;325&#8243; style=&#8221;vc_box_outline&#8221; onclick=&#8221;zoom&#8221; css_animation=&#8221;slideInLeft&#8221;][\/vc_column][vc_column width=&#8221;1\/2&#8243;][vc_empty_space][vc_custom_heading text=&#8221;| Sliding Plastic Joinery<br \/>\n&#8221; font_container=&#8221;tag:h2|text_align:right&#8221; use_theme_fonts=&#8221;yes&#8221;][vc_column_text]<\/p>\n<p style=\"text-align: right;\"><span style=\"vertical-align: inherit;\"><span style=\"vertical-align: inherit;\">Many profiles and auxiliary materials in the PVC Sliding Door and Window System have been specially designed with the aim of isolation, and insulation has been increased by including TPE gasket in the butt-closure I-butt joint profiles at the joints. In PVC Sliding Door and Window System; There are many solutions with the use of sliding frame, sliding frame frame, sliding frame with mosquito net, three-rail frame, fixed sliding frame and fixed sliding frame frame. According to the window and door details produced in this system, there are two different sliding sash profile options (3 chambers) in the system. PVC Sliding Door and Window System can also be combined with Zendow and Everest Max Systems by using auxiliary profiles.<\/span><\/span><\/p>\n<p>&nbsp;<\/p>\n<p>[\/vc_column_text][vc_empty_space height=&#8221;60&#8243;][\/vc_column][\/vc_row][vc_row css=&#8221;.vc_custom_1634332934339{background-image: url(http:\/\/www.ozaks.net\/wp-content\/uploads\/2020\/02\/request.jpg?id=2645) !important;}&#8221;][vc_column offset=&#8221;vc_hidden-sm vc_hidden-xs&#8221;][vc_empty_space][vc_gallery type=&#8221;image_grid&#8221; images=&#8221;3256,3259,3262,3265,3268,3271,3274,3277,3280,3283,3286,3289&#8243; img_size=&#8221;291&#215;150&#8243;][vc_empty_space][\/vc_column][\/vc_row][vc_row][vc_column][vc_empty_space height=&#8221;32&#8243;][vc_custom_heading text=&#8221;| Our Other Services<br \/>\n&#8221; use_theme_fonts=&#8221;yes&#8221;][vc_empty_space height=&#8221;32&#8243;][vc_row_inner][vc_column_inner width=&#8221;1\/3&#8243;]<div class='col-xs-12 no-padding delaware-image-box  delaware-image-box-4'><a href='' class='emtry-header'><div class='emtry-thumbnail'><img class=\"\" src=\"https:\/\/www.ozaks.net\/wp-content\/uploads\/2021\/10\/bioclimatic-pergola-footer-370x180.jpg\" width=\"370\" height=\"180\" alt=\"bioclimatic-pergola-footer\" title=\"bioclimatic-pergola-footer\" \/><\/div><div class='icon-content'><div class='overlay-border'><\/div><\/div><\/a><div class='emtry-content' >\n\t\t\t\t\t<a href='' class='emtry-title'><h4 class='title' title='Bioclimatic Pergola' >Bioclimatic Pergola<\/h4><\/a>\n\t\t\t\t\t<div class='descreption'><p>Rolling Roof Pergola d\u0131\u015f ortam etkilerini ya\u011fmur, kar, g\u00fcne\u015f, r\u00fczgar, g\u00fcn \u0131\u015f\u0131\u011f\u0131 gibi etkenlerden korunma imk\u00e2n\u0131 sunar.<\/p>\n<\/div>\n\t\t\t\t\t<a href='' class='readmore'>Read more <span class='svg-icon'><svg viewBox='0 0 20 20'><use xlink:href='#next'><\/use><\/svg><\/span><\/a>\n\t\t\t\t\t<div class='icon-content'><\/div>\n\t\t\t\t<\/div><\/div>[\/vc_column_inner][vc_column_inner width=&#8221;1\/3&#8243;]<div class='col-xs-12 no-padding delaware-image-box  delaware-image-box-4'><a href='https:\/\/www.ozaks.net\/pergola-tente\/' class='emtry-header'><div class='emtry-thumbnail'><img class=\"\" src=\"https:\/\/www.ozaks.net\/wp-content\/uploads\/2021\/10\/mimari-pergola-slider-16-1-1180x600_640x325-370x180.jpg\" width=\"370\" height=\"180\" alt=\"mimari-pergola-slider-16-1-1180x600_640x325\" title=\"mimari-pergola-slider-16-1-1180x600_640x325\" \/><\/div><div class='icon-content'><div class='overlay-border'><span class='' ><\/span><\/div><\/div><\/a><div class='emtry-content' >\n\t\t\t\t\t<a href='https:\/\/www.ozaks.net\/pergola-tente\/' class='emtry-title'><h4 class='title' title='Pergola Tente' >Pergola Tente<\/h4><\/a>\n\t\t\t\t\t<div class='descreption'><p>Pergola Tente ile a\u00e7\u0131k havada g\u00fcne\u015f \u0131\u015f\u0131\u011f\u0131n\u0131n ve temiz havan\u0131n keyfini \u00e7\u0131kar\u0131n veya ya\u011fmur alt\u0131nda oturun.<\/p>\n<\/div>\n\t\t\t\t\t<a href='https:\/\/www.ozaks.net\/pergola-tente\/' class='readmore'>Read more <span class='svg-icon'><svg viewBox='0 0 20 20'><use xlink:href='#next'><\/use><\/svg><\/span><\/a>\n\t\t\t\t\t<div class='icon-content'><span class='' ><\/span><\/div>\n\t\t\t\t<\/div><\/div>[\/vc_column_inner][vc_column_inner width=&#8221;1\/3&#8243;]<div class='col-xs-12 no-padding delaware-image-box  delaware-image-box-4'><a href='https:\/\/www.ozaks.net\/kis-bahcesi\/' class='emtry-header'><div class='emtry-thumbnail'><img class=\"\" src=\"https:\/\/www.ozaks.net\/wp-content\/uploads\/2021\/10\/bioclimatic-pergola-footer-370x180.jpg\" width=\"370\" height=\"180\" alt=\"bioclimatic-pergola-footer\" title=\"bioclimatic-pergola-footer\" \/><\/div><div class='icon-content'><div class='overlay-border'><span class='' ><\/span><\/div><\/div><\/a><div class='emtry-content' >\n\t\t\t\t\t<a href='https:\/\/www.ozaks.net\/kis-bahcesi\/' class='emtry-title'><h4 class='title' title='K\u0131\u015f Bah\u00e7esi' >K\u0131\u015f Bah\u00e7esi<\/h4><\/a>\n\t\t\t\t\t<div class='descreption'><p>Veranda k\u0131\u015f bah\u00e7esi, sistemleri villa tipi m\u00fcstakil evlerde oturan ev sakinleri i\u00e7in ideal bir se\u00e7imdir.<\/p>\n<\/div>\n\t\t\t\t\t<a href='https:\/\/www.ozaks.net\/kis-bahcesi\/' class='readmore'>Read more <span class='svg-icon'><svg viewBox='0 0 20 20'><use xlink:href='#next'><\/use><\/svg><\/span><\/a>\n\t\t\t\t\t<div class='icon-content'><span class='' ><\/span><\/div>\n\t\t\t\t<\/div><\/div>[\/vc_column_inner][\/vc_row_inner][\/vc_column][\/vc_row][vc_row full_width=&#8221;stretch_row_content_no_spaces&#8221; css=&#8221;.vc_custom_1634191943114{background-image: url(http:\/\/www.ozaks.net\/wp-content\/uploads\/2020\/02\/request.jpg?id=2645) !important;}&#8221;][vc_column]<div class=\"dl-map-shortcode \"><div id=\"dl_map_69d6e58abc9b3\" class=\"dl-map\" style=\"height: 350px;\"><\/div><\/div>[\/vc_column][\/vc_row]<\/p>\n","protected":false},"excerpt":{"rendered":"<p>[vc_row][vc_column][\/vc_column][\/vc_row][vc_row css_animation=&#8221;fadeIn&#8221; css=&#8221;.vc_custom_1633311197588{background-image: url(http:\/\/demo2.steelthemes.com\/delaware\/wp-content\/uploads\/sites\/10\/2020\/02\/welcome-bg.jpg?id=2573) !important;}&#8221;][vc_column][\/vc_column][\/vc_row][vc_row][vc_column width=&#8221;1\/2&#8243;][vc_custom_heading text=&#8221;| Folding Plastic Joinery &#8221; use_theme_fonts=&#8221;yes&#8221;][vc_column_text] Today, the importance of energy saving and efficient use is increasing as much as energy resources.\u00a082% of the energy in building complexes is used for heating purposes.\u00a0This rate corresponds to 26% of the total energy used in our country.\u00a040% of the heat loss [&hellip;]<\/p>\n","protected":false},"author":1,"featured_media":3828,"parent":0,"menu_order":0,"comment_status":"closed","ping_status":"closed","template":"template-fullwidth.php","meta":[],"acf":[],"_links":{"self":[{"href":"https:\/\/www.ozaks.net\/en\/wp-json\/wp\/v2\/pages\/3826"}],"collection":[{"href":"https:\/\/www.ozaks.net\/en\/wp-json\/wp\/v2\/pages"}],"about":[{"href":"https:\/\/www.ozaks.net\/en\/wp-json\/wp\/v2\/types\/page"}],"author":[{"embeddable":true,"href":"https:\/\/www.ozaks.net\/en\/wp-json\/wp\/v2\/users\/1"}],"replies":[{"embeddable":true,"href":"https:\/\/www.ozaks.net\/en\/wp-json\/wp\/v2\/comments?post=3826"}],"version-history":[{"count":2,"href":"https:\/\/www.ozaks.net\/en\/wp-json\/wp\/v2\/pages\/3826\/revisions"}],"predecessor-version":[{"id":3963,"href":"https:\/\/www.ozaks.net\/en\/wp-json\/wp\/v2\/pages\/3826\/revisions\/3963"}],"wp:featuredmedia":[{"embeddable":true,"href":"https:\/\/www.ozaks.net\/en\/wp-json\/wp\/v2\/media\/3828"}],"wp:attachment":[{"href":"https:\/\/www.ozaks.net\/en\/wp-json\/wp\/v2\/media?parent=3826"}],"curies":[{"name":"wp","href":"https:\/\/api.w.org\/{rel}","templated":true}]}}