{"id":3817,"date":"2017-05-18T00:30:33","date_gmt":"2017-05-17T21:30:33","guid":{"rendered":"https:\/\/www.ozaks.net\/aluminyum-dograma\/"},"modified":"2021-11-18T03:57:12","modified_gmt":"2021-11-18T00:57:12","slug":"%d9%86%d8%ac%d8%a7%d8%b1%d8%a9-%d8%a7%d9%84%d8%a3%d9%84%d9%85%d9%86%d9%8a%d9%88%d9%85","status":"publish","type":"page","link":"https:\/\/www.ozaks.net\/ar\/%d9%86%d8%ac%d8%a7%d8%b1%d8%a9-%d8%a7%d9%84%d8%a3%d9%84%d9%85%d9%86%d9%8a%d9%88%d9%85\/","title":{"rendered":"\u0646\u062c\u0627\u0631\u0629 \u0627\u0644\u0623\u0644\u0645\u0646\u064a\u0648\u0645"},"content":{"rendered":"<p>[vc_row][vc_column]\n\t\t\t<!-- START Al\u00fcminyum Do\u011frama Arap\u00e7a REVOLUTION SLIDER 6.5.2 --><p class=\"rs-p-wp-fix\"><\/p>\n\t\t\t<rs-module-wrap id=\"rev_slider_15_1_wrapper\" data-source=\"gallery\" style=\"visibility:hidden;background:transparent;padding:0;margin:0px auto;margin-top:0;margin-bottom:0;\">\n\t\t\t\t<rs-module id=\"rev_slider_15_1\" style=\"\" data-version=\"6.5.2\">\n\t\t\t\t\t<rs-slides>\n\t\t\t\t\t\t<rs-slide data-key=\"rs-20\" data-title=\"Slide\" data-anim=\"f:nodelay;\" data-in=\"o:0;sx:0;sy:0;e:back.inOut;row:5;col:5;\" data-out=\"e:back.out;\" data-sloop=\"s:2500;e:4500;\">\n\t\t\t\t\t\t\t<img src=\"\/\/www.ozaks.net\/wp-content\/plugins\/revslider\/public\/assets\/assets\/dummy.png\" title=\"videoplayback-online-video-cutter_6.jpeg\" width=\"1920\" height=\"1080\" class=\"rev-slidebg tp-rs-img rs-lazyload\" data-lazyload=\"\/\/www.ozaks.net\/wp-content\/uploads\/revslider\/video-media\/videoplayback-online-video-cutter_6.jpeg\" data-parallax=\"off\" data-no-retina>\n\t\t\t\t\t\t\t<rs-bgvideo \n\t\t\t\t\t\t\t\tdata-video=\"w:100%;h:100%;nse:false;l:true;ptimer:false;vfc:true;\"\n\t\t\t\t\t\t\t\tdata-mp4=\"\/\/www.ozaks.net\/wp-content\/uploads\/2021\/10\/videoplayback-online-video-cutter.com_.mp4\"\n\t\t\t\t\t\t\t><\/rs-bgvideo>\n<!--\n\t\t\t\t\t\t\t--><rs-layer\n\t\t\t\t\t\t\t\tid=\"slider-15-slide-20-layer-0\" \n\t\t\t\t\t\t\t\tdata-type=\"shape\"\n\t\t\t\t\t\t\t\tdata-rsp_ch=\"on\"\n\t\t\t\t\t\t\t\tdata-xy=\"xo:-1px,0,0,0;yo:-1px,0,0,0;\"\n\t\t\t\t\t\t\t\tdata-text=\"w:normal;s:20,14,10,6;l:0,18,13,8;\"\n\t\t\t\t\t\t\t\tdata-dim=\"w:100%;h:659px,492px,373px,499px;\"\n\t\t\t\t\t\t\t\tdata-basealign=\"slide\"\n\t\t\t\t\t\t\t\tdata-frame_999=\"o:0;st:w;\"\n\t\t\t\t\t\t\t\tstyle=\"z-index:8;background-color:rgba(0,0,0,0.5);\"\n\t\t\t\t\t\t\t> \n\t\t\t\t\t\t\t<\/rs-layer><!--\n\n\t\t\t\t\t\t\t--><rs-layer\n\t\t\t\t\t\t\t\tid=\"slider-15-slide-20-layer-1\" \n\t\t\t\t\t\t\t\tdata-type=\"text\"\n\t\t\t\t\t\t\t\tdata-rsp_ch=\"on\"\n\t\t\t\t\t\t\t\tdata-xy=\"xo:885px,885px,100px,43px;yo:191px,191px,134px,192px;\"\n\t\t\t\t\t\t\t\tdata-text=\"s:38,38,48,30;l:80,80,80,40;fw:300;a:inherit;\"\n\t\t\t\t\t\t\t\tdata-frame_0=\"x:-50px,-50px,-50px,-41px;\"\n\t\t\t\t\t\t\t\tdata-frame_1=\"x:0,0,0,0px;y:0,0,0,0px;sp:1000;\"\n\t\t\t\t\t\t\t\tdata-frame_999=\"x:50px,50px,50px,42px;o:0;st:w;sp:500;sR:8000;\"\n\t\t\t\t\t\t\t\tstyle=\"z-index:9;font-family:Poppins;\"\n\t\t\t\t\t\t\t>| \u0645\u0633\u0627\u062d\u0627\u062a \u0645\u0639\u064a\u0634\u0629 \u0623\u0646\u064a\u0642\u0629 \u0648\u0639\u0635\u0631\u064a\u0629\n \n\t\t\t\t\t\t\t<\/rs-layer><!--\n\n\t\t\t\t\t\t\t--><rs-layer\n\t\t\t\t\t\t\t\tid=\"slider-15-slide-20-layer-2\" \n\t\t\t\t\t\t\t\tdata-type=\"text\"\n\t\t\t\t\t\t\t\tdata-rsp_ch=\"on\"\n\t\t\t\t\t\t\t\tdata-xy=\"xo:988px,988px,100px,42px;yo:268px,268px,213px,246px;\"\n\t\t\t\t\t\t\t\tdata-text=\"s:59,59,48,37;l:87,87,60,47;fw:600;a:inherit;\"\n\t\t\t\t\t\t\t\tdata-vbility=\"t,t,t,f\"\n\t\t\t\t\t\t\t\tdata-frame_0=\"x:-50px,-50px,-50px,-39px;\"\n\t\t\t\t\t\t\t\tdata-frame_1=\"x:0,0,0,0px;y:0,0,0,0px;sp:1500;\"\n\t\t\t\t\t\t\t\tdata-frame_999=\"x:50px,50px,50px,39px;o:0;st:w;sp:1000;sR:7500;\"\n\t\t\t\t\t\t\t\tstyle=\"z-index:10;font-family:Poppins;\"\n\t\t\t\t\t\t\t>\u0646\u062c\u0627\u0631\u0629 \u0627\u0644\u0623\u0644\u0645\u0646\u064a\u0648\u0645 \n\t\t\t\t\t\t\t<\/rs-layer><!--\n\n\t\t\t\t\t\t\t--><rs-layer\n\t\t\t\t\t\t\t\tid=\"slider-15-slide-20-layer-3\" \n\t\t\t\t\t\t\t\tdata-type=\"text\"\n\t\t\t\t\t\t\t\tdata-rsp_ch=\"on\"\n\t\t\t\t\t\t\t\tdata-xy=\"xo:794px,794px,821px,43px;yo:358px,358px,307px,309px;\"\n\t\t\t\t\t\t\t\tdata-text=\"s:16,16,16,9;l:28,28,28,16;a:inherit;\"\n\t\t\t\t\t\t\t\tdata-vbility=\"t,t,f,f\"\n\t\t\t\t\t\t\t\tdata-frame_0=\"x:-50px,-50px,-50px,-29px;\"\n\t\t\t\t\t\t\t\tdata-frame_1=\"x:0,0,0,0px;y:0,0,0,0px;sp:700;\"\n\t\t\t\t\t\t\t\tdata-frame_999=\"x:50px,50px,50px,29px;o:0;st:w;sp:500;sR:8300;\"\n\t\t\t\t\t\t\t\tstyle=\"z-index:11;font-family:Rubik;\"\n\t\t\t\t\t\t\t>\u0644\u0627 \u062a\u0632\u0627\u0644 \u0646\u062c\u0627\u0631\u0629 \u0627\u0644\u0623\u0644\u0645\u0646\u064a\u0648\u0645 \u060c \u0627\u0644\u062a\u064a \u062a\u062e\u0644\u0642 \u0645\u0638\u0647\u0631\u064b\u0627 \u0639\u0635\u0631\u064a\u064b\u0627 \u060c \u0634\u0627\u0626\u0639\u0629 \u0641\u064a \u0627\u0644\u0639\u062f\u064a\u062f \u0645\u0646 \u0627\u0644\u0645\u062c\u0627\u0644\u0627\u062a. <br \/> \u064a\u064f\u0637\u0644\u0642 \u0639\u0644\u0649 \u0645\u0638\u0644\u0627\u062a \u0627\u0644\u0639\u0631\u064a\u0634\u0629 \u060c \u0627\u0644\u062a\u064a \u064a\u0645\u0643\u0646 \u0625\u0646\u0634\u0627\u0624\u0647\u0627 \u0648\u0641\u0642\u064b\u0627 \u0644\u0623\u064a \u0645\u064a\u0632\u0627\u0646\u064a\u0629 \u060c \u0645\u0646\u062a\u062c\u0627\u062a \u0645\u062a\u064a\u0646\u0629 \u0648\u0635\u062f\u064a\u0642\u0629 \u0644\u0644\u0628\u064a\u0626\u0629. \n\t\t\t\t\t\t\t<\/rs-layer><!--\n\n\t\t\t\t\t\t\t--><rs-layer\n\t\t\t\t\t\t\t\tid=\"slider-15-slide-20-layer-6\" \n\t\t\t\t\t\t\t\tdata-type=\"image\"\n\t\t\t\t\t\t\t\tdata-rsp_ch=\"on\"\n\t\t\t\t\t\t\t\tdata-xy=\"xo:95px,71px,53px,256px;yo:32px,23px,17px,278px;\"\n\t\t\t\t\t\t\t\tdata-text=\"w:normal;s:20,14,10,6;l:0,18,13,8;\"\n\t\t\t\t\t\t\t\tdata-dim=\"w:556px,415px,315px,225px;h:627px,468px,355px,222px;\"\n\t\t\t\t\t\t\t\tdata-frame_999=\"o:0;st:w;\"\n\t\t\t\t\t\t\t\tstyle=\"z-index:12;\"\n\t\t\t\t\t\t\t><img src=\"\/\/www.ozaks.net\/wp-content\/plugins\/revslider\/public\/assets\/assets\/dummy.png\" class=\"tp-rs-img rs-lazyload\" width=\"374\" height=\"422\" data-lazyload=\"\/\/www.ozaks.net\/wp-content\/uploads\/2021\/11\/63-632043_office-woman-png-transparent-png-removebg-preview-1.png.png\" data-no-retina> \n\t\t\t\t\t\t\t<\/rs-layer><!--\n-->\t\t\t\t\t\t<\/rs-slide>\n\t\t\t\t\t<\/rs-slides>\n\t\t\t\t<\/rs-module>\n\t\t\t\t<script type=\"text\/javascript\">\n\t\t\t\t\tsetREVStartSize({c: 'rev_slider_15_1',rl:[1240,1024,778,480],el:[655,855,600,500],gw:[1370,1024,778,480],gh:[655,855,600,500],type:'standard',justify:'',layout:'fullwidth',mh:\"0\"});\n\t\t\t\t<\/script>\n\t\t\t<\/rs-module-wrap>\n\t\t\t<!-- END REVOLUTION SLIDER -->\n[\/vc_column][\/vc_row][vc_row css_animation=&#8221;fadeIn&#8221; css=&#8221;.vc_custom_1633311197588{background-image: url(http:\/\/demo2.steelthemes.com\/delaware\/wp-content\/uploads\/sites\/10\/2020\/02\/welcome-bg.jpg?id=2573) !important;}&#8221;][vc_column]<div class=\"ba-empty-space \" style=\"\"><div class=\"ba_empty_space_lg\"  style=\"height: 32px\"><\/div><div class=\"ba_empty_space_md\"  style=\"height: 32px\"><\/div><div class=\"ba_empty_space_xs\"  style=\"height: 32px\"><\/div><\/div><div class=\"dl-cta text-dark border-display \"><div class=\"container\"><div class=\"cta-wrapper classic fix-top\"><div class=\"cta-content\"> <h2 style='font-size:30px;font-weight:700;'>\u0627\u0644\u062a\u0635\u0627\u0645\u064a\u0645 \u0627\u0644\u062d\u062f\u064a\u062b\u0629 \u0644\u0644\u0639\u0635\u0631 \u0627\u0644\u062d\u062f\u064a\u062b \u2714<\/h2> <p>\u0623\u0641\u0636\u0644 \u0637\u0631\u064a\u0642\u0629 \u0644\u0644\u062a\u0639\u0631\u0641 \u0639\u0644\u064a\u0646\u0627 \u0647\u064a \u0627\u0644\u0628\u062d\u062b \u0639\u0646 \u0627\u0644\u0639\u0645\u0644 \u0627\u0644\u0630\u064a \u0646\u0642\u0648\u0645 \u0628\u0647 \u0644\u0639\u0645\u0644\u0627\u0626\u0646\u0627 \u0648\u0627\u0644\u0623\u0641\u0643\u0627\u0631 \u0627\u0644\u062a\u064a \u062a\u0644\u0647\u0645 \u0641\u0631\u064a\u0642\u0646\u0627. \u0627\u0639\u0631\u0636 \u0645\u0631\u0627\u062c\u0639\u0646\u0627 \u0644\u062a\u0631\u0649 \u0643\u064a\u0641 \u064a\u062a\u0645 \u062a\u0637\u0628\u064a\u0642 \u062e\u0628\u0631\u0627\u062a\u0646\u0627 \u0639\u0628\u0631 \u062e\u0637\u0648\u0637 \u0627\u0644\u062e\u062f\u0645\u0629.<\/p> <\/div> <div class=\"dl-button \"><a href=\"https:\/\/www.ozaks.net\/\" style =\"color:#222222\">\u0627\u062d\u0635\u0644 \u0639\u0644\u0649 \u0639\u0631\u0636 ! <\/a><\/div><\/div><\/div><\/div><div class=\"ba-empty-space \" style=\"\"><div class=\"ba_empty_space_lg\"  style=\"height: 32px\"><\/div><div class=\"ba_empty_space_md\"  style=\"height: 32px\"><\/div><div class=\"ba_empty_space_xs\"  style=\"height: 32px\"><\/div><\/div>[\/vc_column][\/vc_row][vc_row][vc_column css_animation=&#8221;slideInLeft&#8221; width=&#8221;1\/2&#8243;]<div class=\"ba-empty-space \" style=\"\"><div class=\"ba_empty_space_lg\"  style=\"height: 32px\"><\/div><div class=\"ba_empty_space_md\"  style=\"height: 32px\"><\/div><div class=\"ba_empty_space_xs\"  style=\"height: 32px\"><\/div><\/div>[vc_custom_heading text=&#8221;| \u0646\u062c\u0627\u0631\u0629 \u0627\u0644\u0648\u0645\u0646\u064a\u0648\u0645 \u0642\u0627\u0628\u0644\u0629 \u0644\u0644\u0637\u064a&#8221; use_theme_fonts=&#8221;yes&#8221;][vc_column_text]\u062a\u064f\u0633\u062a\u062e\u062f\u0645 \u0623\u0646\u0638\u0645\u0629 \u0627\u0644\u0623\u0628\u0648\u0627\u0628 \u0627\u0644\u0642\u0627\u0628\u0644\u0629 \u0644\u0644\u0637\u064a \u060c \u0648\u0627\u0644\u062a\u064a \u062a\u064f\u0633\u062a\u062e\u062f\u0645 \u0639\u0645\u0648\u0645\u064b\u0627 \u0641\u064a \u0623\u062c\u0632\u0627\u0621 \u0627\u0644\u0634\u0631\u0641\u0627\u062a \u0641\u064a \u0645\u0646\u0627\u0632\u0644\u0646\u0627 \u060c \u0641\u064a \u0627\u0644\u0645\u0637\u0627\u0639\u0645 \u0648\u0627\u0644\u0645\u0642\u0627\u0647\u064a \u0648\u0627\u0644\u062d\u0627\u0646\u0627\u062a \u0648\u0627\u0644\u062d\u062f\u0627\u0626\u0642 \u0627\u0644\u0634\u062a\u0648\u064a\u0629 \u0648\u062a\u0631\u0627\u0633\u0627\u062a \u0627\u0644\u0623\u0633\u0637\u062d \u0648\u0627\u0644\u0639\u062f\u064a\u062f \u0645\u0646 \u0627\u0644\u0645\u0646\u0627\u0637\u0642 \u0627\u0644\u0623\u062e\u0631\u0649. \u0643\u0627\u0646\u062a \u0623\u0646\u0638\u0645\u0629 \u0627\u0644\u0623\u0628\u0648\u0627\u0628 \u0648\u0627\u0644\u0646\u0648\u0627\u0641\u0630 \u0627\u0644\u0645\u0635\u0646\u0648\u0639\u0629 \u0645\u0646 \u0627\u0644\u0623\u0644\u0648\u0645\u0646\u064a\u0648\u0645 \u0647\u064a \u0627\u0644\u062e\u064a\u0627\u0631 \u0627\u0644\u0623\u0648\u0644 \u0644\u0644\u0645\u0633\u062a\u0647\u0644\u0643\u064a\u0646 \u0648\u0623\u0635\u0628\u062d\u062a \u062d\u0644\u0627\u064b \u0631\u0627\u0626\u0639\u064b\u0627 \u0644\u0627\u062d\u062a\u064a\u0627\u062c\u0627\u062a\u0647\u0645 \u060c \u062d\u064a\u062b \u0623\u0646 \u0627\u0644\u0623\u0644\u0645\u0646\u064a\u0648\u0645 \u062e\u0641\u064a\u0641 \u0648\u0637\u0648\u064a\u0644 \u0627\u0644\u0623\u0645\u062f \u0648\u0639\u0627\u0632\u0644 \u0644\u0644\u062d\u0631\u0627\u0631\u0629 \u0648\u064a\u0645\u0643\u0646 \u0641\u062a\u062d\u0647 \u0648\u0625\u063a\u0644\u0627\u0642\u0647 \u0628\u0633\u0647\u0648\u0644\u0629 \u0648\u0644\u0647 \u0647\u064a\u0643\u0644 \u0645\u0642\u0627\u0648\u0645 \u0644\u0644\u0645\u0627\u0621 \u0641\u064a \u0646\u0641\u0633 \u0627\u0644\u0648\u0642\u062a . \u0639\u0646\u062f\u0645\u0627 \u064a\u0643\u0648\u0646 \u0644\u062f\u0649 \u0627\u0644\u0645\u0633\u062a\u0647\u0644\u0643\u064a\u0646 \u0646\u0638\u0627\u0645 \u0628\u0627\u0628 \u0642\u0627\u0628\u0644 \u0644\u0644\u0637\u064a \u0645\u0646 \u0627\u0644\u0623\u0644\u0648\u0645\u0646\u064a\u0648\u0645 \u060c \u0641\u0645\u0646 \u0627\u0644\u0645\u0645\u0643\u0646 \u0623\u0646 \u064a\u0643\u0648\u0646 \u0647\u0630\u0627 \u0627\u0644\u0646\u0638\u0627\u0645 \u0645\u0635\u0645\u0645\u064b\u0627 \u0643\u0645\u0627 \u064a\u0631\u064a\u062f\u0648\u0646 \u0648\u0628\u0627\u0644\u0644\u0648\u0646 \u0627\u0644\u0630\u064a \u064a\u0631\u064a\u062f\u0648\u0646\u0647 \u0648\u0628\u0627\u0644\u0646\u0645\u0648\u0630\u062c \u0627\u0644\u0630\u064a \u064a\u0631\u064a\u062f\u0648\u0646\u0647. \u0623\u0628\u0648\u0627\u0628 \u0627\u0644\u0623\u0644\u0645\u0646\u064a\u0648\u0645 \u0627\u0644\u0642\u0627\u0628\u0644\u0629 \u0644\u0644\u0637\u064a \u0642\u0648\u064a\u0629 \u0648\u0630\u0627\u062a \u0643\u0641\u0627\u0621\u0629 \u0639\u0627\u0644\u064a\u0629 \u0645\u0646 \u0627\u0644\u0646\u0627\u062d\u064a\u0629 \u0627\u0644\u0641\u0646\u064a\u0629.<\/p>\n<p>[\/vc_column_text][vc_empty_space height=&#8221;60&#8243;][\/vc_column][vc_column width=&#8221;1\/2&#8243;][vc_empty_space height=&#8221;60&#8243;][vc_single_image image=&#8221;3043&#8243; img_size=&#8221;640&#215;325&#8243; style=&#8221;vc_box_outline&#8221; onclick=&#8221;zoom&#8221; css_animation=&#8221;slideInRight&#8221;][\/vc_column][\/vc_row][vc_row css_animation=&#8221;fadeIn&#8221; css=&#8221;.vc_custom_1634196147855{background-image: url(http:\/\/www.ozaks.net\/wp-content\/uploads\/2020\/02\/request.jpg?id=2645) !important;}&#8221;][vc_column offset=&#8221;vc_hidden-sm vc_hidden-xs&#8221;][vc_empty_space][vc_gallery type=&#8221;image_grid&#8221; images=&#8221;3056,3064,3066,3061,3060,3067,3059,3058,3063,3057,3062,3065&#8243; img_size=&#8221;291&#215;150&#8243;][vc_empty_space][\/vc_column][\/vc_row][vc_row][vc_column css_animation=&#8221;slideInLeft&#8221; width=&#8221;1\/2&#8243;][vc_empty_space height=&#8221;54&#8243;][vc_single_image image=&#8221;3044&#8243; img_size=&#8221;640&#215;325&#8243; add_caption=&#8221;yes&#8221; style=&#8221;vc_box_outline&#8221; onclick=&#8221;zoom&#8221; css_animation=&#8221;slideInLeft&#8221;][\/vc_column][vc_column css_animation=&#8221;slideInRight&#8221; width=&#8221;1\/2&#8243;][vc_empty_space][vc_custom_heading text=&#8221;| \u0627\u0646\u0632\u0644\u0627\u0642 \u0627\u0644\u0623\u0644\u0648\u0645\u0646\u064a\u0648\u0645 \u0646\u062c\u0627\u0631\u0629&#8221; font_container=&#8221;tag:h2|text_align:right&#8221; use_theme_fonts=&#8221;yes&#8221;][vc_column_text]<\/p>\n<p style=\"text-align: right;\">\u062a\u062e\u0644\u0642 \u0645\u0646\u0627\u0637\u0642 \u062c\u062f\u064a\u062f\u0629 \u0630\u0627\u062a \u0639\u0632\u0644 \u0639\u0627\u0644\u064d: \u062a\u0641\u062a\u062d \u0627\u0644\u062d\u062f\u0627\u0626\u0642 \u0627\u0644\u0634\u062a\u0648\u064a\u0629 \u0639\u0644\u0649 \u0627\u0644\u062d\u062f\u064a\u0642\u0629 \u0623\u0648 \u0627\u0644\u0634\u0631\u0641\u0629 \u0623\u0648 \u0627\u0644\u0634\u0631\u0641\u0629 \u0644\u062a\u0648\u0633\u064a\u0639 \u0645\u0633\u0627\u062d\u0629 \u0627\u0644\u0627\u0633\u062a\u062e\u062f\u0627\u0645 \u0627\u0644\u062e\u0627\u0635\u0629 \u0628\u0643. \u0628\u0641\u0636\u0644 \u0645\u062a\u0627\u0646\u0629 \u0627\u0644\u0623\u0644\u0645\u0646\u064a\u0648\u0645 \u060c \u0623\u0635\u0628\u062d\u062a \u0627\u0644\u0623\u0633\u0637\u062d \u0627\u0644\u0632\u062c\u0627\u062c\u064a\u0629 \u0627\u0644\u0643\u0628\u064a\u0631\u0629 \u062c\u062f\u064b\u0627 \u0645\u0645\u0643\u0646\u0629 \u0628\u0641\u0636\u0644 \u0627\u0644\u0645\u0644\u0627\u0645\u062d \u0627\u0644\u0636\u064a\u0642\u0629 \u060c \u0645\u0645\u0627 \u064a\u0648\u0641\u0631 \u0634\u0641\u0627\u0641\u064a\u0629 \u0648\u0627\u0633\u0639\u0629 \u0648\u0627\u0633\u062a\u0642\u0628\u0627\u0644\u064b\u0627 \u0644\u0644\u0636\u0648\u0621. \u0645\u0646 \u0645\u0646\u0627 \u0644\u0627 \u064a\u0631\u064a\u062f \u062a\u0648\u0633\u064a\u0639 \u0645\u0646\u0632\u0644\u0647 \u0623\u0648 \u0639\u0645\u0644\u0647 \u0628\u0628\u0636\u0639 \u0646\u0642\u0631\u0627\u062a\u061f \u0644\u0644\u062f\u064a\u0643\u0648\u0631\u0627\u062a \u0627\u0644\u062f\u0627\u062e\u0644\u064a\u0629 \u060c \u062a\u0648\u0641\u0631 \u0623\u0628\u0648\u0627\u0628 \u0627\u0644\u0623\u0644\u0645\u0646\u064a\u0648\u0645 \u0627\u0644\u0645\u0646\u0632\u0644\u0642\u0629 \u0627\u0644\u0639\u062f\u064a\u062f \u0645\u0646 \u0625\u0645\u0643\u0627\u0646\u064a\u0627\u062a \u0627\u0644\u062a\u0635\u0645\u064a\u0645. \u064a\u0645\u0643\u0646 \u062f\u0645\u062c \u0643\u0644\u0627 \u0627\u0644\u0646\u0638\u0627\u0645\u064a\u0646 \u0628\u0633\u0644\u0627\u0633\u0629 \u060c \u0627\u0639\u062a\u0645\u0627\u062f\u064b\u0627 \u0639\u0644\u0649 \u062a\u0635\u0645\u064a\u0645\u0647\u0645\u0627. \u064a\u0647\u062f\u0641 \u0625\u0644\u0649 \u062c\u0639\u0644 \u0627\u0644\u062d\u062f\u0648\u062f \u0627\u0644\u062f\u0627\u062e\u0644\u064a\u0629 \u0648\u0627\u0644\u062e\u0627\u0631\u062c\u064a\u0629 \u063a\u064a\u0631 \u0645\u0631\u0626\u064a\u0629 \u0645\u0646 \u0623\u062c\u0644 \u062a\u0648\u0641\u064a\u0631 \u0623\u0642\u0635\u0649 \u0642\u062f\u0631 \u0645\u0646 \u0627\u0644\u0631\u0627\u062d\u0629 \u0648\u062a\u0648\u0641\u064a\u0631 \u0627\u0644\u0645\u0633\u0627\u062d\u0629. \u0625\u0646\u0647 \u064a\u0648\u0641\u0631 \u062d\u0644\u0627\u064b \u0645\u062b\u0627\u0644\u064a\u064b\u0627 \u0644\u0646\u062c\u0627\u0631\u0629 \u0627\u0644\u0623\u0644\u0645\u0646\u064a\u0648\u0645 \u0627\u0644\u0645\u0646\u0632\u0644\u0642\u0629 \u0648\u0630\u0648\u064a \u0627\u0644\u0627\u062d\u062a\u064a\u0627\u062c\u0627\u062a \u0627\u0644\u062e\u0627\u0635\u0629. \u062a\u062e\u0644\u0642 \u0647\u0630\u0647 \u0627\u0644\u0645\u0633\u0627\u062d\u0627\u062a \u0627\u0644\u0632\u062c\u0627\u062c\u064a\u0629 \u0627\u0644\u0643\u0628\u064a\u0631\u0629 \u060c \u0645\u0645\u0627 \u064a\u0633\u0645\u062d \u0628\u062f\u062e\u0648\u0644 \u0627\u0644\u0645\u0632\u064a\u062f \u0645\u0646 \u0627\u0644\u0636\u0648\u0621 \u0627\u0644\u0637\u0628\u064a\u0639\u064a \u0625\u0644\u0649 \u0627\u0644\u0645\u0646\u0632\u0644.<\/p>\n<p>[\/vc_column_text][vc_empty_space height=&#8221;60&#8243;][\/vc_column][\/vc_row][vc_row css_animation=&#8221;fadeIn&#8221; css=&#8221;.vc_custom_1634196158602{background-image: url(http:\/\/www.ozaks.net\/wp-content\/uploads\/2020\/02\/request.jpg?id=2645) !important;}&#8221;][vc_column offset=&#8221;vc_col-sm-offset-0 vc_hidden-sm vc_hidden-xs&#8221;][vc_empty_space height=&#8221;32&#8243;][vc_gallery type=&#8221;image_grid&#8221; images=&#8221;3083,3084,3085,3086,3087,3088,3089,3090,3091,3092,3093,3082&#8243; img_size=&#8221;291&#215;150&#8243;][vc_empty_space height=&#8221;32&#8243;][\/vc_column][\/vc_row][vc_row][vc_column][vc_empty_space height=&#8221;32&#8243;][vc_custom_heading text=&#8221;| \u062e\u062f\u0645\u0627\u062a\u0646\u0627 \u0627\u0644\u0623\u062e\u0631\u0649&#8221; use_theme_fonts=&#8221;yes&#8221;][vc_empty_space height=&#8221;32&#8243;][vc_row_inner][vc_column_inner width=&#8221;1\/3&#8243;]<div class='col-xs-12 no-padding delaware-image-box  delaware-image-box-4'><a href='' class='emtry-header'><div class='emtry-thumbnail'><img class=\"\" src=\"https:\/\/www.ozaks.net\/wp-content\/uploads\/2021\/10\/bioclimatic-pergola-footer-370x180.jpg\" width=\"370\" height=\"180\" alt=\"bioclimatic-pergola-footer\" title=\"bioclimatic-pergola-footer\" \/><\/div><div class='icon-content'><div class='overlay-border'><span class='' ><\/span><\/div><\/div><\/a><div class='emtry-content' >\n\t\t\t\t\t<a href='' class='emtry-title'><h4 class='title' title='\u0639\u0631\u064a\u0634\u0629 \u0645\u0646\u0627\u062e\u064a\u0629 \u062d\u064a\u0648\u064a\u0629' >\u0639\u0631\u064a\u0634\u0629 \u0645\u0646\u0627\u062e\u064a\u0629 \u062d\u064a\u0648\u064a\u0629<\/h4><\/a>\n\t\t\t\t\t<div class='descreption'><p>\u0648\u0641\u0631 \u0639\u0631\u064a\u0634\u0629 \u0645\u0646\u0627\u062e\u064a\u0629 \u062d\u064a\u0648\u064a\u0629 \u0627\u0644\u0641\u0631\u0635\u0629 \u0644\u062d\u0645\u0627\u064a\u0629 \u0627\u0644\u062a\u0623\u062b\u064a\u0631\u0627\u062a \u0627\u0644\u062e\u0627\u0631\u062c\u064a\u0629 \u0645\u0646 \u0639\u0648\u0627\u0645\u0644 \u0645\u062b\u0644 \u0627\u0644\u0645\u0637\u0631 \u0648\u0627\u0644\u062b\u0644\u062c \u0648\u0627\u0644\u0634\u0645\u0633 \u0648\u0627\u0644\u0631\u064a\u0627\u062d \u0648\u0623\u0634\u0639\u0629 \u0627\u0644\u0634\u0645\u0633.<\/p>\n<\/div>\n\t\t\t\t\t<a href='' class='readmore'>Read more <span class='svg-icon'><svg viewBox='0 0 20 20'><use xlink:href='#next'><\/use><\/svg><\/span><\/a>\n\t\t\t\t\t<div class='icon-content'><span class='' ><\/span><\/div>\n\t\t\t\t<\/div><\/div>[\/vc_column_inner][vc_column_inner width=&#8221;1\/3&#8243;]<div class='col-xs-12 no-padding delaware-image-box  delaware-image-box-4'><a href='https:\/\/www.ozaks.net\/pergola-tente\/' class='emtry-header'><div class='emtry-thumbnail'><img class=\"\" src=\"https:\/\/www.ozaks.net\/wp-content\/uploads\/2021\/10\/mimari-pergola-slider-16-1-1180x600_640x325-370x180.jpg\" width=\"370\" height=\"180\" alt=\"mimari-pergola-slider-16-1-1180x600_640x325\" title=\"mimari-pergola-slider-16-1-1180x600_640x325\" \/><\/div><div class='icon-content'><div class='overlay-border'><span class='' ><\/span><\/div><\/div><\/a><div class='emtry-content' >\n\t\t\t\t\t<a href='https:\/\/www.ozaks.net\/pergola-tente\/' class='emtry-title'><h4 class='title' title='\u0645\u0638\u0644\u0629 \u0627\u0644\u0639\u0631\u064a\u0634\u0629' >\u0645\u0638\u0644\u0629 \u0627\u0644\u0639\u0631\u064a\u0634\u0629<\/h4><\/a>\n\t\t\t\t\t<div class='descreption'><p>\u0627\u0633\u062a\u0645\u062a\u0639 \u0628\u0623\u0634\u0639\u0629 \u0627\u0644\u0634\u0645\u0633 \u0648\u0627\u0644\u0647\u0648\u0627\u0621 \u0627\u0644\u0646\u0642\u064a \u0641\u064a \u0627\u0644\u0647\u0648\u0627\u0621 \u0627\u0644\u0637\u0644\u0642 \u0623\u0648 \u0627\u062c\u0644\u0633 \u062a\u062d\u062a \u0627\u0644\u0645\u0637\u0631 \u0645\u0639 \u0645\u0638\u0644\u0629 \u0627\u0644\u0628\u0631\u062c\u0648\u0644\u0627.<\/p>\n<\/div>\n\t\t\t\t\t<a href='https:\/\/www.ozaks.net\/pergola-tente\/' class='readmore'>Read more <span class='svg-icon'><svg viewBox='0 0 20 20'><use xlink:href='#next'><\/use><\/svg><\/span><\/a>\n\t\t\t\t\t<div class='icon-content'><span class='' ><\/span><\/div>\n\t\t\t\t<\/div><\/div>[\/vc_column_inner][vc_column_inner width=&#8221;1\/3&#8243;]<div class='col-xs-12 no-padding delaware-image-box  delaware-image-box-4'><a href='https:\/\/www.ozaks.net\/kis-bahcesi\/' class='emtry-header'><div class='emtry-thumbnail'><img class=\"\" src=\"https:\/\/www.ozaks.net\/wp-content\/uploads\/2021\/10\/bioclimatic-pergola-footer-370x180.jpg\" width=\"370\" height=\"180\" alt=\"bioclimatic-pergola-footer\" title=\"bioclimatic-pergola-footer\" \/><\/div><div class='icon-content'><div class='overlay-border'><span class='' ><\/span><\/div><\/div><\/a><div class='emtry-content' >\n\t\t\t\t\t<a href='https:\/\/www.ozaks.net\/kis-bahcesi\/' class='emtry-title'><h4 class='title' title='\u062d\u062f\u064a\u0642\u0629 \u0627\u0644\u0634\u062a\u0627\u0621' >\u062d\u062f\u064a\u0642\u0629 \u0627\u0644\u0634\u062a\u0627\u0621<\/h4><\/a>\n\t\t\t\t\t<div class='descreption'><p>\u062a\u0639\u062a\u0628\u0631 \u0627\u0644\u062d\u062f\u064a\u0642\u0629 \u0627\u0644\u0634\u062a\u0648\u064a\u0629 \u0644\u0644\u0634\u0631\u0641\u0629 \u062e\u064a\u0627\u0631\u064b\u0627 \u0645\u062b\u0627\u0644\u064a\u064b\u0627 \u0644\u0633\u0643\u0627\u0646 \u0627\u0644\u0645\u0646\u0627\u0632\u0644 \u0627\u0644\u0645\u0646\u0641\u0635\u0644\u0629 \u0645\u0646 \u0646\u0648\u0639 \u0627\u0644\u0641\u064a\u0644<\/p>\n<\/div>\n\t\t\t\t\t<a href='https:\/\/www.ozaks.net\/kis-bahcesi\/' class='readmore'>Read more <span class='svg-icon'><svg viewBox='0 0 20 20'><use xlink:href='#next'><\/use><\/svg><\/span><\/a>\n\t\t\t\t\t<div class='icon-content'><span class='' ><\/span><\/div>\n\t\t\t\t<\/div><\/div>[\/vc_column_inner][\/vc_row_inner][\/vc_column][\/vc_row][vc_row full_width=&#8221;stretch_row_content_no_spaces&#8221; css=&#8221;.vc_custom_1634191943114{background-image: url(http:\/\/www.ozaks.net\/wp-content\/uploads\/2020\/02\/request.jpg?id=2645) !important;}&#8221;][vc_column]<div class=\"dl-map-shortcode \"><div id=\"dl_map_69ea43c60f7cc\" class=\"dl-map\" style=\"height: 350px;\"><\/div><\/div>[\/vc_column][\/vc_row]<\/p>\n","protected":false},"excerpt":{"rendered":"<p>[vc_row][vc_column][\/vc_column][\/vc_row][vc_row css_animation=&#8221;fadeIn&#8221; css=&#8221;.vc_custom_1633311197588{background-image: url(http:\/\/demo2.steelthemes.com\/delaware\/wp-content\/uploads\/sites\/10\/2020\/02\/welcome-bg.jpg?id=2573) !important;}&#8221;][vc_column][\/vc_column][\/vc_row][vc_row][vc_column css_animation=&#8221;slideInLeft&#8221; width=&#8221;1\/2&#8243;][vc_custom_heading text=&#8221;| \u0646\u062c\u0627\u0631\u0629 \u0627\u0644\u0648\u0645\u0646\u064a\u0648\u0645 \u0642\u0627\u0628\u0644\u0629 \u0644\u0644\u0637\u064a&#8221; use_theme_fonts=&#8221;yes&#8221;][vc_column_text]\u062a\u064f\u0633\u062a\u062e\u062f\u0645 \u0623\u0646\u0638\u0645\u0629 \u0627\u0644\u0623\u0628\u0648\u0627\u0628 \u0627\u0644\u0642\u0627\u0628\u0644\u0629 \u0644\u0644\u0637\u064a \u060c \u0648\u0627\u0644\u062a\u064a \u062a\u064f\u0633\u062a\u062e\u062f\u0645 \u0639\u0645\u0648\u0645\u064b\u0627 \u0641\u064a \u0623\u062c\u0632\u0627\u0621 \u0627\u0644\u0634\u0631\u0641\u0627\u062a \u0641\u064a \u0645\u0646\u0627\u0632\u0644\u0646\u0627 \u060c \u0641\u064a \u0627\u0644\u0645\u0637\u0627\u0639\u0645 \u0648\u0627\u0644\u0645\u0642\u0627\u0647\u064a \u0648\u0627\u0644\u062d\u0627\u0646\u0627\u062a \u0648\u0627\u0644\u062d\u062f\u0627\u0626\u0642 \u0627\u0644\u0634\u062a\u0648\u064a\u0629 \u0648\u062a\u0631\u0627\u0633\u0627\u062a \u0627\u0644\u0623\u0633\u0637\u062d \u0648\u0627\u0644\u0639\u062f\u064a\u062f \u0645\u0646 \u0627\u0644\u0645\u0646\u0627\u0637\u0642 \u0627\u0644\u0623\u062e\u0631\u0649. \u0643\u0627\u0646\u062a \u0623\u0646\u0638\u0645\u0629 \u0627\u0644\u0623\u0628\u0648\u0627\u0628 \u0648\u0627\u0644\u0646\u0648\u0627\u0641\u0630 \u0627\u0644\u0645\u0635\u0646\u0648\u0639\u0629 \u0645\u0646 \u0627\u0644\u0623\u0644\u0648\u0645\u0646\u064a\u0648\u0645 \u0647\u064a \u0627\u0644\u062e\u064a\u0627\u0631 \u0627\u0644\u0623\u0648\u0644 \u0644\u0644\u0645\u0633\u062a\u0647\u0644\u0643\u064a\u0646 \u0648\u0623\u0635\u0628\u062d\u062a \u062d\u0644\u0627\u064b \u0631\u0627\u0626\u0639\u064b\u0627 \u0644\u0627\u062d\u062a\u064a\u0627\u062c\u0627\u062a\u0647\u0645 \u060c [&hellip;]<\/p>\n","protected":false},"author":1,"featured_media":3819,"parent":0,"menu_order":0,"comment_status":"closed","ping_status":"closed","template":"template-fullwidth.php","meta":[],"acf":[],"_links":{"self":[{"href":"https:\/\/www.ozaks.net\/ar\/wp-json\/wp\/v2\/pages\/3817"}],"collection":[{"href":"https:\/\/www.ozaks.net\/ar\/wp-json\/wp\/v2\/pages"}],"about":[{"href":"https:\/\/www.ozaks.net\/ar\/wp-json\/wp\/v2\/types\/page"}],"author":[{"embeddable":true,"href":"https:\/\/www.ozaks.net\/ar\/wp-json\/wp\/v2\/users\/1"}],"replies":[{"embeddable":true,"href":"https:\/\/www.ozaks.net\/ar\/wp-json\/wp\/v2\/comments?post=3817"}],"version-history":[{"count":8,"href":"https:\/\/www.ozaks.net\/ar\/wp-json\/wp\/v2\/pages\/3817\/revisions"}],"predecessor-version":[{"id":3979,"href":"https:\/\/www.ozaks.net\/ar\/wp-json\/wp\/v2\/pages\/3817\/revisions\/3979"}],"wp:featuredmedia":[{"embeddable":true,"href":"https:\/\/www.ozaks.net\/ar\/wp-json\/wp\/v2\/media\/3819"}],"wp:attachment":[{"href":"https:\/\/www.ozaks.net\/ar\/wp-json\/wp\/v2\/media?parent=3817"}],"curies":[{"name":"wp","href":"https:\/\/api.w.org\/{rel}","templated":true}]}}